{"id":294,"date":"2022-03-18T13:53:00","date_gmt":"2022-03-18T12:53:00","guid":{"rendered":"http:\/\/localhost\/wordpress\/?page_id=294"},"modified":"2022-03-18T13:53:00","modified_gmt":"2022-03-18T12:53:00","slug":"dla-wystawcow","status":"publish","type":"page","link":"https:\/\/warsztaty-emc.pwr.edu.pl\/2022\/dla-wystawcow\/","title":{"rendered":"Informacje dla wystawc\u00f3w"},"content":{"rendered":"\n<p>Zapraszamy producent\u00f3w i przedstawicieli handlowych firm, jednostek doradczych i badawczych, kt\u00f3rych charakter dzia\u0142alno\u015bci zwi\u0105zany jest z zagadnieniami kompatybilno\u015bci elektromagnetycznej, pomiaru p\u00f3l elektromagnetycznych, ochrony os\u00f3b i urz\u0105dze\u0144 przed zaburzeniami elektromagnetycznymi do wzi\u0119cia udzia\u0142u w wystawie technicznej, do prezentacji swoich produkt\u00f3w, us\u0142ug i osi\u0105gni\u0119\u0107 podczas XIII Krajowych Warsztat\u00f3w EMC.<\/p>\n\n\n\n<p style=\"line-height:0\">Mo\u017cliwe formy udzia\u0142u:<\/p>\n\n\n<div style=\"padding-left: 1.4em; text-align: left; --ub-list-item-icon-top: 3px;; --ub-list-item-icon-size: 1.2em; --ub-list-item-background-image: url('data:image\/svg+xml;utf8,&lt;svg xmlns=&quot;http:\/\/www.w3.org\/2000\/svg&quot; viewBox=&quot;0 0 512 512&quot;&gt;&lt;path fill=&quot;%23000000&quot; d=&quot;M480 96c17.7 0 32 14.3 32 32s-14.3 32-32 32l-208 0 0-64 208 0zM320 288c17.7 0 32 14.3 32 32s-14.3 32-32 32H256c-17.7 0-32-14.3-32-32s14.3-32 32-32h64zm64-64c0 17.7-14.3 32-32 32H304c-17.7 0-32-14.3-32-32s14.3-32 32-32h48c17.7 0 32 14.3 32 32zM288 384c17.7 0 32 14.3 32 32s-14.3 32-32 32H224c-17.7 0-32-14.3-32-32s14.3-32 32-32h64zm-88-96l.6 0c-5.4 9.4-8.6 20.3-8.6 32c0 13.2 4 25.4 10.8 35.6C177.9 364.3 160 388.1 160 416c0 11.7 3.1 22.6 8.6 32H160C71.6 448 0 376.4 0 288l0-61.7c0-42.4 16.9-83.1 46.9-113.1l11.6-11.6C82.5 77.5 115.1 64 149 64l27 0c35.3 0 64 28.7 64 64v88c0 22.1-17.9 40-40 40s-40-17.9-40-40V160c0-8.8-7.2-16-16-16s-16 7.2-16 16v56c0 39.8 32.2 72 72 72z&quot;&gt;&lt;\/path&gt;&lt;\/svg&gt;'); --ub-list-item-fa-li-top: 3px; \" class=\"wp-block-ub-styled-list ub_styled_list_sublist\" id=\"ub_styled_list-391075a9-9dcd-47d7-ac36-3463b62b94a6\"><ul class=\"fa-ul\"><li>dostarczenie uczestnikom Warsztat\u00f3w EMC pakietu materia\u0142\u00f3w reklamowych,<\/li><li>udzia\u0142 w wystawie technicznej,<\/li><li>organizowanie sesji szkoleniowych i warsztatowych,<\/li><li>finansowe wsparcie konferencji.<\/li><\/ul><\/div>\n\n\n<div class=\"wp-block-group is-layout-flow wp-block-group-is-layout-flow\">\n<h2 class=\"wp-block-heading\" style=\"margin-top:0px\">Pakiet materia\u0142\u00f3w reklamowych<\/h2>\n\n\n\n<p>Dostarczony przez reklamodawc\u0119 pakiet materia\u0142\u00f3w reklamowych zostanie przekazany ka\u017cdemu uczestnikowi konferencji &#8211; koszt od&nbsp;<strong>500 z\u0142 netto<\/strong> &nbsp;(uzale\u017cniony od obj\u0119to\u015bci pakietu reklamowego).<\/p>\n<\/div>\n\n\n\n<div class=\"wp-block-group is-layout-flow wp-block-group-is-layout-flow\">\n<h2 class=\"wp-block-heading\">Wystawa techniczna<\/h2>\n\n\n\n<p>Wystawcom oferowane jest standardowe stoisko wystawowe o powierzchni 4 m<sup>2<\/sup>&nbsp;w s\u0105siedztwie sal konferencyjnych. Stoiska b\u0119d\u0105 wyposa\u017cone w st\u00f3\u0142, krzes\u0142a, o\u015bwietlenie, zasilanie elektryczne oraz b\u0119d\u0105 oznakowane&nbsp;nazw\u0105 i logiem firmy. Organizatorzy zapewniaj\u0105 ochron\u0119 stoiska poza godzinami otwarcia wystawy.<br>Koszt wynaj\u0119cia standardowego stoiska wystawowego (2m&nbsp;x&nbsp;2m) na czas trwania konferencji&nbsp;wynosi&nbsp;<strong>2800 z\u0142&nbsp;netto.<\/strong><\/p>\n\n\n\n<p>Za dop\u0142at\u0105 istnieje mo\u017cliwo\u015b\u0107 zwi\u0119kszenia powierzchni wystawowej stoiska wystawowego o wielokrotno\u015b\u0107 2 m<sup>2<\/sup>&nbsp;(modu\u0142 1m x 2m). Koszt dodatkowych 2 m<sup>2<\/sup>&nbsp;powierzchni stoiska wystawowego wynosi&nbsp;<strong>1400 z\u0142&nbsp;netto.<\/strong><\/p>\n\n\n\n<div style=\"height:20px\" aria-hidden=\"true\" class=\"wp-block-spacer\"><\/div>\n\n\n<div class=\"wp-block-ub-content-toggle wp-block-ub-content-toggle-block\" id=\"ub-content-toggle-block-4fd69c0f-ca8a-46d2-960c-1e36f9e3c9ed\" data-mobilecollapse=\"true\" data-desktopcollapse=\"true\" data-preventcollapse=\"false\" data-showonlyone=\"false\">\n<div class=\"wp-block-ub-content-toggle-accordion\" style=\"border-color: #f1f1f1; \" id=\"ub-content-toggle-panel-block-\">\n\t\t\t<div class=\"wp-block-ub-content-toggle-accordion-title-wrap\" style=\"background-color: #f1f1f1;\" aria-controls=\"ub-content-toggle-panel-0-4fd69c0f-ca8a-46d2-960c-1e36f9e3c9ed\" tabindex=\"0\">\n\t\t\t<p class=\"wp-block-ub-content-toggle-accordion-title ub-content-toggle-title-4fd69c0f-ca8a-46d2-960c-1e36f9e3c9ed\" style=\"color: #000000; \">Przyk\u0142adowe aran\u017cacje stoiska wystawowego <\/p>\n\t\t\t<div class=\"wp-block-ub-content-toggle-accordion-toggle-wrap right\" style=\"color: #000000;\"><span class=\"wp-block-ub-content-toggle-accordion-state-indicator wp-block-ub-chevron-down\"><\/span><\/div>\n\t\t<\/div>\n\t\t\t<div role=\"region\" aria-expanded=\"false\" class=\"wp-block-ub-content-toggle-accordion-content-wrap ub-hide\" id=\"ub-content-toggle-panel-0-4fd69c0f-ca8a-46d2-960c-1e36f9e3c9ed\">\n\n<div class=\"wp-block-columns is-layout-flex wp-container-core-columns-is-layout-9d6595d7 wp-block-columns-is-layout-flex\">\n<div class=\"wp-block-column is-layout-flow wp-block-column-is-layout-flow\" style=\"flex-basis:25%\">\n<figure class=\"wp-block-image aligncenter size-full is-resized\"><img loading=\"lazy\" decoding=\"async\" src=\"https:\/\/warsztaty-emc.pwr.edu.pl\/wp-content\/uploads\/2022\/04\/4m2.jpg\" alt=\"\" class=\"wp-image-477\" width=\"243\" height=\"301\"><figcaption>Standardowe stoisko 2m x 2m<\/figcaption><\/figure>\n<\/div>\n\n\n\n<div class=\"wp-block-column is-layout-flow wp-block-column-is-layout-flow\" style=\"flex-basis:35%\">\n<figure class=\"wp-block-image aligncenter size-full is-resized\"><img loading=\"lazy\" decoding=\"async\" src=\"https:\/\/warsztaty-emc.pwr.edu.pl\/wp-content\/uploads\/2022\/04\/6m2.jpg\" alt=\"\" class=\"wp-image-478\" width=\"340\" height=\"295\"><figcaption>Stanowisko 2m x 3m<\/figcaption><\/figure>\n<\/div>\n\n\n\n<div class=\"wp-block-column is-layout-flow wp-block-column-is-layout-flow\" style=\"flex-basis:35%\">\n<figure class=\"wp-block-image size-full is-resized\"><img loading=\"lazy\" decoding=\"async\" src=\"https:\/\/warsztaty-emc.pwr.edu.pl\/wp-content\/uploads\/2022\/04\/8m2.jpg\" alt=\"\" class=\"wp-image-479\" width=\"368\" height=\"296\"><figcaption>Stanowisko 2m x 4m<\/figcaption><\/figure>\n<\/div>\n<\/div>\n\n<\/div>\n\t\t<\/div>\n<\/div>\n\n\n<p>Istnieje tak\u017ce mo\u017cliwo\u015b\u0107 budowy i aran\u017cacji stoiska wystawowego zgodnie z preferencjami wystawcy po wcze\u015bniejszym ustaleniu przez Sekretariat konferencji mo\u017cliwo\u015bci lokalizacji i aran\u017cacji takiego stoiska wystawowego oraz ustaleniu szczeg\u00f3\u0142\u00f3w technicznych.<\/p>\n\n\n\n<p>Udzia\u0142 w wystawie technicznej uprawnia r\u00f3wnie\u017c do bezp\u0142atnej prezentacji podczas zaplanowanych sesji firmowych. Deklaracja organizacji prezentacji firmowej powinna by\u0107 skierowana do organizator\u00f3w <strong>do 20 maja 2022 r.<\/strong> poprzez kontakt telefoniczny do koordynatora ds. naukowo-programowych oraz wystawy pod numer <strong>+48 71 320 29 47<\/strong>. <\/p>\n<\/div>\n\n\n\n<div class=\"wp-block-group is-layout-flow wp-block-group-is-layout-flow\">\n<h2 class=\"wp-block-heading\">Formularz zg\u0142oszeniowy wystawcy<\/h2>\n\n\n\n<p>Warunkiem udzia\u0142u w wystawie technicznej jest przes\u0142anie <strong>do 10 czerwca 2022 r.<\/strong>&nbsp;wype\u0142nionego&nbsp;formularza na adres mailowy: <strong>recepcja-emc@pwr.edu.pl<\/strong> (formularz dost\u0119pny do pobrania poni\u017cej) oraz dokonanie wp\u0142aty w ww. terminie na konto.<\/p>\n\n\n\n<div class=\"wp-block-file\"><a id=\"wp-block-file--media-4c6ac07d-2b27-4808-bc37-482a96c059b7\" href=\"https:\/\/warsztaty-emc.pwr.edu.pl\/wp-content\/uploads\/2022\/04\/Formularz_zgloszeniowy_wystawcy_WEMC2022.pdf\">Formularz_zgloszeniowy_wystawcy_WEMC2022<\/a><a href=\"https:\/\/warsztaty-emc.pwr.edu.pl\/wp-content\/uploads\/2022\/04\/Formularz_zgloszeniowy_wystawcy_WEMC2022.pdf\" class=\"wp-block-file__button\" download aria-describedby=\"wp-block-file--media-4c6ac07d-2b27-4808-bc37-482a96c059b7\">Pobierz<\/a><\/div>\n\n\n<div class=\"wp-block-ub-content-toggle wp-block-ub-content-toggle-block\" id=\"ub-content-toggle-block-1e65599c-9be0-479b-9e85-5f5a74805cba\" data-mobilecollapse=\"true\" data-desktopcollapse=\"true\" data-preventcollapse=\"false\" data-showonlyone=\"false\">\n<div class=\"wp-block-ub-content-toggle-accordion\" style=\"border-color: #f1f1f1; \" id=\"ub-content-toggle-panel-block-\">\n\t\t\t<div class=\"wp-block-ub-content-toggle-accordion-title-wrap\" style=\"background-color: #f1f1f1;\" aria-controls=\"ub-content-toggle-panel-0-1e65599c-9be0-479b-9e85-5f5a74805cba\" tabindex=\"0\">\n\t\t\t<p class=\"wp-block-ub-content-toggle-accordion-title ub-content-toggle-title-1e65599c-9be0-479b-9e85-5f5a74805cba\" style=\"color: #000000; \">Dane do przelewu:<\/p>\n\t\t\t<div class=\"wp-block-ub-content-toggle-accordion-toggle-wrap right\" style=\"color: #000000;\"><span class=\"wp-block-ub-content-toggle-accordion-state-indicator wp-block-ub-chevron-down\"><\/span><\/div>\n\t\t<\/div>\n\t\t\t<div role=\"region\" aria-expanded=\"false\" class=\"wp-block-ub-content-toggle-accordion-content-wrap ub-hide\" id=\"ub-content-toggle-panel-0-1e65599c-9be0-479b-9e85-5f5a74805cba\">\n\n<p>Politechnika Wroc\u0142awska<br>ul. Wybrze\u017ce Wyspia\u0144skiego 27<br>50-370 Wroc\u0142aw<br>NIP: 896-000-58-51<br>Nr konta: PL37 1090 2402 0000 0006 1000 0434<br>Santander Bank Polska S.A.<\/p>\n\n\n\n<p>SWIFT: WBKPPLPPXXX (dla wystawc\u00f3w z zagranicy) \u2013\u00a0<mark>wp\u0142aty nale\u017cy dokona\u0107 w PLN \/ payments must be made in PLN<\/mark><\/p>\n\n\n\n<p><mark style=\"color:#ff0000\" class=\"has-inline-color\">W tytule przelewu nale\u017cy wpisa\u0107:<\/mark><br><strong>XIII Warsztaty Kompatybilno\u015bci Elektromagnetycznej 2022; nazwa firmy<\/strong><\/p>\n\n<\/div>\n\t\t<\/div>\n<\/div>\n\n\n<div style=\"height:20px\" aria-hidden=\"true\" class=\"wp-block-spacer\"><\/div>\n<\/div>\n\n\n\n<div class=\"wp-block-group is-layout-flow wp-block-group-is-layout-flow\">\n<h2 class=\"wp-block-heading\">Plany budynku i wystawy<\/h2>\n\n\n\n<figure class=\"wp-block-image aligncenter size-large\"><img decoding=\"async\" src=\"https:\/\/warsztaty-emc.pwr.edu.pl\/wp-content\/uploads\/2022\/04\/plan-centrum-kongresowe-pwr_parter1-1024x833.jpg\" alt=\"\" class=\"wp-image-615\" \/><\/figure>\n\n\n\n<figure class=\"wp-block-image aligncenter size-large\"><img decoding=\"async\" src=\"https:\/\/warsztaty-emc.pwr.edu.pl\/wp-content\/uploads\/2022\/06\/antresola8-1024x639.jpg\" alt=\"\" class=\"wp-image-798\" \/><\/figure>\n<\/div>\n","protected":false},"excerpt":{"rendered":"<p>Zapraszamy producent\u00f3w i przedstawicieli handlowych firm, jednostek doradczych i badawczych, kt\u00f3rych charakter dzia\u0142alno\u015bci zwi\u0105zany jest z zagadnieniami kompatybilno\u015bci elektromagnetycznej, pomiaru<span class=\"more-dots\">&#8230;<\/span><\/p>\n","protected":false},"author":1,"featured_media":0,"parent":0,"menu_order":0,"comment_status":"closed","ping_status":"closed","template":"","meta":{"footnotes":""},"class_list":["post-294","page","type-page","status-publish","hentry","no-post-thumbnail"],"featured_image_src":null,"yoast_head":"<!-- This site is optimized with the Yoast SEO plugin v27.3 - https:\/\/yoast.com\/product\/yoast-seo-wordpress\/ -->\n<title>Informacje dla wystawc\u00f3w - Warsztaty EMC 2022<\/title>\n<meta name=\"robots\" content=\"index, follow, max-snippet:-1, max-image-preview:large, max-video-preview:-1\" \/>\n<link rel=\"canonical\" href=\"https:\/\/warsztaty-emc.pwr.edu.pl\/2022\/dla-wystawcow\/\" \/>\n<meta property=\"og:locale\" content=\"pl_PL\" \/>\n<meta property=\"og:type\" content=\"article\" \/>\n<meta property=\"og:title\" content=\"Informacje dla wystawc\u00f3w - Warsztaty EMC 2022\" \/>\n<meta property=\"og:description\" content=\"Zapraszamy producent\u00f3w i przedstawicieli handlowych firm, jednostek doradczych i badawczych, kt\u00f3rych charakter dzia\u0142alno\u015bci zwi\u0105zany jest z zagadnieniami kompatybilno\u015bci elektromagnetycznej, pomiaru...\" \/>\n<meta property=\"og:url\" content=\"https:\/\/warsztaty-emc.pwr.edu.pl\/2022\/dla-wystawcow\/\" \/>\n<meta property=\"og:site_name\" content=\"Warsztaty EMC 2022\" \/>\n<meta name=\"twitter:card\" content=\"summary_large_image\" \/>\n<meta name=\"twitter:label1\" content=\"Szacowany czas czytania\" \/>\n\t<meta name=\"twitter:data1\" content=\"2 minuty\" \/>\n<script type=\"application\/ld+json\" class=\"yoast-schema-graph\">{\"@context\":\"https:\\\/\\\/schema.org\",\"@graph\":[{\"@type\":\"WebPage\",\"@id\":\"https:\\\/\\\/warsztaty-emc.pwr.edu.pl\\\/2022\\\/dla-wystawcow\\\/\",\"url\":\"https:\\\/\\\/warsztaty-emc.pwr.edu.pl\\\/2022\\\/dla-wystawcow\\\/\",\"name\":\"Informacje dla wystawc\u00f3w - Warsztaty EMC 2022\",\"isPartOf\":{\"@id\":\"https:\\\/\\\/warsztaty-emc.pwr.edu.pl\\\/2022\\\/#website\"},\"primaryImageOfPage\":{\"@id\":\"https:\\\/\\\/warsztaty-emc.pwr.edu.pl\\\/2022\\\/dla-wystawcow\\\/#primaryimage\"},\"image\":{\"@id\":\"https:\\\/\\\/warsztaty-emc.pwr.edu.pl\\\/2022\\\/dla-wystawcow\\\/#primaryimage\"},\"thumbnailUrl\":\"https:\\\/\\\/warsztaty-emc.pwr.edu.pl\\\/wp-content\\\/uploads\\\/2022\\\/04\\\/4m2.jpg\",\"datePublished\":\"2022-03-18T12:53:00+00:00\",\"breadcrumb\":{\"@id\":\"https:\\\/\\\/warsztaty-emc.pwr.edu.pl\\\/2022\\\/dla-wystawcow\\\/#breadcrumb\"},\"inLanguage\":\"pl-PL\",\"potentialAction\":[{\"@type\":\"ReadAction\",\"target\":[\"https:\\\/\\\/warsztaty-emc.pwr.edu.pl\\\/2022\\\/dla-wystawcow\\\/\"]}]},{\"@type\":\"ImageObject\",\"inLanguage\":\"pl-PL\",\"@id\":\"https:\\\/\\\/warsztaty-emc.pwr.edu.pl\\\/2022\\\/dla-wystawcow\\\/#primaryimage\",\"url\":\"https:\\\/\\\/warsztaty-emc.pwr.edu.pl\\\/wp-content\\\/uploads\\\/2022\\\/04\\\/4m2.jpg\",\"contentUrl\":\"https:\\\/\\\/warsztaty-emc.pwr.edu.pl\\\/wp-content\\\/uploads\\\/2022\\\/04\\\/4m2.jpg\"},{\"@type\":\"BreadcrumbList\",\"@id\":\"https:\\\/\\\/warsztaty-emc.pwr.edu.pl\\\/2022\\\/dla-wystawcow\\\/#breadcrumb\",\"itemListElement\":[{\"@type\":\"ListItem\",\"position\":1,\"name\":\"Strona g\u0142\u00f3wna\",\"item\":\"https:\\\/\\\/warsztaty-emc.pwr.edu.pl\\\/2022\\\/\"},{\"@type\":\"ListItem\",\"position\":2,\"name\":\"Informacje dla wystawc\u00f3w\"}]},{\"@type\":\"WebSite\",\"@id\":\"https:\\\/\\\/warsztaty-emc.pwr.edu.pl\\\/2022\\\/#website\",\"url\":\"https:\\\/\\\/warsztaty-emc.pwr.edu.pl\\\/2022\\\/\",\"name\":\"Warsztaty EMC 2022\",\"description\":\"XIII Krajowe Warsztaty EMC\",\"publisher\":{\"@id\":\"https:\\\/\\\/warsztaty-emc.pwr.edu.pl\\\/2022\\\/#organization\"},\"potentialAction\":[{\"@type\":\"SearchAction\",\"target\":{\"@type\":\"EntryPoint\",\"urlTemplate\":\"https:\\\/\\\/warsztaty-emc.pwr.edu.pl\\\/2022\\\/?s={search_term_string}\"},\"query-input\":{\"@type\":\"PropertyValueSpecification\",\"valueRequired\":true,\"valueName\":\"search_term_string\"}}],\"inLanguage\":\"pl-PL\"},{\"@type\":\"Organization\",\"@id\":\"https:\\\/\\\/warsztaty-emc.pwr.edu.pl\\\/2022\\\/#organization\",\"name\":\"Warsztaty EMC 2022\",\"url\":\"https:\\\/\\\/warsztaty-emc.pwr.edu.pl\\\/2022\\\/\",\"logo\":{\"@type\":\"ImageObject\",\"inLanguage\":\"pl-PL\",\"@id\":\"https:\\\/\\\/warsztaty-emc.pwr.edu.pl\\\/2022\\\/#\\\/schema\\\/logo\\\/image\\\/\",\"url\":\"https:\\\/\\\/warsztaty-emc.pwr.edu.pl\\\/2022\\\/wp-content\\\/uploads\\\/sites\\\/3\\\/2026\\\/02\\\/logo-odnowione_wieksze.png\",\"contentUrl\":\"https:\\\/\\\/warsztaty-emc.pwr.edu.pl\\\/2022\\\/wp-content\\\/uploads\\\/sites\\\/3\\\/2026\\\/02\\\/logo-odnowione_wieksze.png\",\"width\":460,\"height\":50,\"caption\":\"Warsztaty EMC 2022\"},\"image\":{\"@id\":\"https:\\\/\\\/warsztaty-emc.pwr.edu.pl\\\/2022\\\/#\\\/schema\\\/logo\\\/image\\\/\"}}]}<\/script>\n<!-- \/ Yoast SEO plugin. -->","yoast_head_json":{"title":"Informacje dla wystawc\u00f3w - Warsztaty EMC 2022","robots":{"index":"index","follow":"follow","max-snippet":"max-snippet:-1","max-image-preview":"max-image-preview:large","max-video-preview":"max-video-preview:-1"},"canonical":"https:\/\/warsztaty-emc.pwr.edu.pl\/2022\/dla-wystawcow\/","og_locale":"pl_PL","og_type":"article","og_title":"Informacje dla wystawc\u00f3w - Warsztaty EMC 2022","og_description":"Zapraszamy producent\u00f3w i przedstawicieli handlowych firm, jednostek doradczych i badawczych, kt\u00f3rych charakter dzia\u0142alno\u015bci zwi\u0105zany jest z zagadnieniami kompatybilno\u015bci elektromagnetycznej, pomiaru...","og_url":"https:\/\/warsztaty-emc.pwr.edu.pl\/2022\/dla-wystawcow\/","og_site_name":"Warsztaty EMC 2022","twitter_card":"summary_large_image","twitter_misc":{"Szacowany czas czytania":"2 minuty"},"schema":{"@context":"https:\/\/schema.org","@graph":[{"@type":"WebPage","@id":"https:\/\/warsztaty-emc.pwr.edu.pl\/2022\/dla-wystawcow\/","url":"https:\/\/warsztaty-emc.pwr.edu.pl\/2022\/dla-wystawcow\/","name":"Informacje dla wystawc\u00f3w - Warsztaty EMC 2022","isPartOf":{"@id":"https:\/\/warsztaty-emc.pwr.edu.pl\/2022\/#website"},"primaryImageOfPage":{"@id":"https:\/\/warsztaty-emc.pwr.edu.pl\/2022\/dla-wystawcow\/#primaryimage"},"image":{"@id":"https:\/\/warsztaty-emc.pwr.edu.pl\/2022\/dla-wystawcow\/#primaryimage"},"thumbnailUrl":"https:\/\/warsztaty-emc.pwr.edu.pl\/wp-content\/uploads\/2022\/04\/4m2.jpg","datePublished":"2022-03-18T12:53:00+00:00","breadcrumb":{"@id":"https:\/\/warsztaty-emc.pwr.edu.pl\/2022\/dla-wystawcow\/#breadcrumb"},"inLanguage":"pl-PL","potentialAction":[{"@type":"ReadAction","target":["https:\/\/warsztaty-emc.pwr.edu.pl\/2022\/dla-wystawcow\/"]}]},{"@type":"ImageObject","inLanguage":"pl-PL","@id":"https:\/\/warsztaty-emc.pwr.edu.pl\/2022\/dla-wystawcow\/#primaryimage","url":"https:\/\/warsztaty-emc.pwr.edu.pl\/wp-content\/uploads\/2022\/04\/4m2.jpg","contentUrl":"https:\/\/warsztaty-emc.pwr.edu.pl\/wp-content\/uploads\/2022\/04\/4m2.jpg"},{"@type":"BreadcrumbList","@id":"https:\/\/warsztaty-emc.pwr.edu.pl\/2022\/dla-wystawcow\/#breadcrumb","itemListElement":[{"@type":"ListItem","position":1,"name":"Strona g\u0142\u00f3wna","item":"https:\/\/warsztaty-emc.pwr.edu.pl\/2022\/"},{"@type":"ListItem","position":2,"name":"Informacje dla wystawc\u00f3w"}]},{"@type":"WebSite","@id":"https:\/\/warsztaty-emc.pwr.edu.pl\/2022\/#website","url":"https:\/\/warsztaty-emc.pwr.edu.pl\/2022\/","name":"Warsztaty EMC 2022","description":"XIII Krajowe Warsztaty EMC","publisher":{"@id":"https:\/\/warsztaty-emc.pwr.edu.pl\/2022\/#organization"},"potentialAction":[{"@type":"SearchAction","target":{"@type":"EntryPoint","urlTemplate":"https:\/\/warsztaty-emc.pwr.edu.pl\/2022\/?s={search_term_string}"},"query-input":{"@type":"PropertyValueSpecification","valueRequired":true,"valueName":"search_term_string"}}],"inLanguage":"pl-PL"},{"@type":"Organization","@id":"https:\/\/warsztaty-emc.pwr.edu.pl\/2022\/#organization","name":"Warsztaty EMC 2022","url":"https:\/\/warsztaty-emc.pwr.edu.pl\/2022\/","logo":{"@type":"ImageObject","inLanguage":"pl-PL","@id":"https:\/\/warsztaty-emc.pwr.edu.pl\/2022\/#\/schema\/logo\/image\/","url":"https:\/\/warsztaty-emc.pwr.edu.pl\/2022\/wp-content\/uploads\/sites\/3\/2026\/02\/logo-odnowione_wieksze.png","contentUrl":"https:\/\/warsztaty-emc.pwr.edu.pl\/2022\/wp-content\/uploads\/sites\/3\/2026\/02\/logo-odnowione_wieksze.png","width":460,"height":50,"caption":"Warsztaty EMC 2022"},"image":{"@id":"https:\/\/warsztaty-emc.pwr.edu.pl\/2022\/#\/schema\/logo\/image\/"}}]}},"_links":{"self":[{"href":"https:\/\/warsztaty-emc.pwr.edu.pl\/2022\/wp-json\/wp\/v2\/pages\/294","targetHints":{"allow":["GET"]}}],"collection":[{"href":"https:\/\/warsztaty-emc.pwr.edu.pl\/2022\/wp-json\/wp\/v2\/pages"}],"about":[{"href":"https:\/\/warsztaty-emc.pwr.edu.pl\/2022\/wp-json\/wp\/v2\/types\/page"}],"author":[{"embeddable":true,"href":"https:\/\/warsztaty-emc.pwr.edu.pl\/2022\/wp-json\/wp\/v2\/users\/1"}],"replies":[{"embeddable":true,"href":"https:\/\/warsztaty-emc.pwr.edu.pl\/2022\/wp-json\/wp\/v2\/comments?post=294"}],"version-history":[{"count":1,"href":"https:\/\/warsztaty-emc.pwr.edu.pl\/2022\/wp-json\/wp\/v2\/pages\/294\/revisions"}],"predecessor-version":[{"id":1017,"href":"https:\/\/warsztaty-emc.pwr.edu.pl\/2022\/wp-json\/wp\/v2\/pages\/294\/revisions\/1017"}],"wp:attachment":[{"href":"https:\/\/warsztaty-emc.pwr.edu.pl\/2022\/wp-json\/wp\/v2\/media?parent=294"}],"curies":[{"name":"wp","href":"https:\/\/api.w.org\/{rel}","templated":true}]}}