{"id":439,"date":"2022-03-30T14:22:18","date_gmt":"2022-03-30T12:22:18","guid":{"rendered":"https:\/\/warsztaty-emc.pwr.edu.pl\/?page_id=439"},"modified":"2022-03-30T14:22:18","modified_gmt":"2022-03-30T12:22:18","slug":"miejsce-organizacji-warsztatow","status":"publish","type":"page","link":"https:\/\/warsztaty-emc.pwr.edu.pl\/2022\/miejsce-organizacji-warsztatow\/","title":{"rendered":"Miejsce organizacji Warsztat\u00f3w"},"content":{"rendered":"<div class=\"wp-block-ub-content-toggle wp-block-ub-content-toggle-block\" id=\"ub-content-toggle-block-9572cd80-26aa-438e-9643-56437bbc8593\" data-mobilecollapse=\"true\" data-desktopcollapse=\"true\" data-preventcollapse=\"false\" data-showonlyone=\"false\">\n<div class=\"wp-block-ub-content-toggle-accordion\" style=\"border-color: #f1f1f1; \" id=\"ub-content-toggle-panel-block-\">\n\t\t\t<div class=\"wp-block-ub-content-toggle-accordion-title-wrap\" style=\"background-color: #f1f1f1;\" aria-controls=\"ub-content-toggle-panel-0-9572cd80-26aa-438e-9643-56437bbc8593\" tabindex=\"0\">\n\t\t\t<p class=\"wp-block-ub-content-toggle-accordion-title ub-content-toggle-title-9572cd80-26aa-438e-9643-56437bbc8593\" style=\"color: #000000; \">Mapa kampusu<\/p>\n\t\t\t<div class=\"wp-block-ub-content-toggle-accordion-toggle-wrap right\" style=\"color: #000000;\"><span class=\"wp-block-ub-content-toggle-accordion-state-indicator wp-block-ub-chevron-down\"><\/span><\/div>\n\t\t<\/div>\n\t\t\t<div role=\"region\" aria-expanded=\"false\" class=\"wp-block-ub-content-toggle-accordion-content-wrap ub-hide\" id=\"ub-content-toggle-panel-0-9572cd80-26aa-438e-9643-56437bbc8593\">\n\n<figure class=\"wp-block-image size-full\"><img decoding=\"async\" src=\"https:\/\/warsztaty-emc.pwr.edu.pl\/wp-content\/uploads\/2022\/03\/mapa_campus.jpg\" alt=\"\" class=\"wp-image-447\"><\/figure>\n\n<\/div>\n\t\t<\/div>\n\n<div class=\"wp-block-ub-content-toggle-accordion\" style=\"border-color: #f1f1f1; \" id=\"ub-content-toggle-panel-block-\">\n\t\t\t<div class=\"wp-block-ub-content-toggle-accordion-title-wrap\" style=\"background-color: #f1f1f1;\" aria-controls=\"ub-content-toggle-panel-1-9572cd80-26aa-438e-9643-56437bbc8593\" tabindex=\"0\">\n\t\t\t<p class=\"wp-block-ub-content-toggle-accordion-title ub-content-toggle-title-9572cd80-26aa-438e-9643-56437bbc8593\" style=\"color: #000000; \">Interaktywna mapa i wirtualny spacer po kampusie<\/p>\n\t\t\t<div class=\"wp-block-ub-content-toggle-accordion-toggle-wrap right\" style=\"color: #000000;\"><span class=\"wp-block-ub-content-toggle-accordion-state-indicator wp-block-ub-chevron-down\"><\/span><\/div>\n\t\t<\/div>\n\t\t\t<div role=\"region\" aria-expanded=\"false\" class=\"wp-block-ub-content-toggle-accordion-content-wrap ub-hide\" id=\"ub-content-toggle-panel-1-9572cd80-26aa-438e-9643-56437bbc8593\">\n\n<h2 class=\"wp-block-heading\"><a href=\"https:\/\/pwr.edu.pl\/uczelnia\/mapa-kampusu\" target=\"_blank\" rel=\"noreferrer noopener\">Interaktywna mapa kampusu<\/a><\/h2>\n\n\n\n<h2 class=\"wp-block-heading\"><a href=\"https:\/\/pwr.edu.pl\/uczelnia\/wirtualny-spacer\" target=\"_blank\" rel=\"noreferrer noopener\">Wirtualny spacer po kampusie PWr<\/a><\/h2>\n\n<\/div>\n\t\t<\/div>\n\n<div class=\"wp-block-ub-content-toggle-accordion\" style=\"border-color: #f1f1f1; \" id=\"ub-content-toggle-panel-block-\">\n\t\t\t<div class=\"wp-block-ub-content-toggle-accordion-title-wrap\" style=\"background-color: #f1f1f1;\" aria-controls=\"ub-content-toggle-panel-2-9572cd80-26aa-438e-9643-56437bbc8593\" tabindex=\"0\">\n\t\t\t<p class=\"wp-block-ub-content-toggle-accordion-title ub-content-toggle-title-9572cd80-26aa-438e-9643-56437bbc8593\" style=\"color: #000000; \">Wskaz\u00f3wki dojazdu komunikacj\u0105 miejsk\u0105<\/p>\n\t\t\t<div class=\"wp-block-ub-content-toggle-accordion-toggle-wrap right\" style=\"color: #000000;\"><span class=\"wp-block-ub-content-toggle-accordion-state-indicator wp-block-ub-chevron-down\"><\/span><\/div>\n\t\t<\/div>\n\t\t\t<div role=\"region\" aria-expanded=\"false\" class=\"wp-block-ub-content-toggle-accordion-content-wrap ub-hide\" id=\"ub-content-toggle-panel-2-9572cd80-26aa-438e-9643-56437bbc8593\">\n\n<p><em>Dojazd z dworca kolejowego Wroc\u0142aw G\u0142\u00f3wny i autobusowego na Politechnik\u0119 Wroc\u0142awsk\u0105<\/em><\/p>\n\n\n\n<p>Z Dworca kolejowego PKP Wroc\u0142aw G\u0142\u00f3wny PKP na Politechnik\u0119 Wroc\u0142awsk\u0105 (przystanek: PLAC GRUNWALDZKI) mo\u017cna dojecha\u0107 autobusami oraz tramwajami komunikacji miejskiej:<\/p>\n\n\n\n<ul class=\"wp-block-list\"><li>autobusem linii 145 &#8211; z przystanku\u00a0<em>DWORZEC AUTOBUSOWY<\/em>\u00a0lub\u00a0<em>DWORZEC G\u0141\u00d3WNY PKP<\/em>\u00a0w kierunku\u00a0<em>S\u0118POLNO<\/em>\u00a0(<a rel=\"noreferrer noopener\" href=\"https:\/\/www.wroclaw.pl\/linia-145-wroclaw\" target=\"_blank\">rozk\u0142ad jazdy autobus\u00f3w linii 145<\/a>)<\/li><li>autobusem linii 146 &#8211; z przystanku\u00a0<em>DWORZEC AUTOBUSOWY<\/em>\u00a0lub\u00a0<em>DWORZEC G\u0141\u00d3WNY PKP<\/em>\u00a0w kierunku\u00a0<em>BARTOSZOWICE<\/em>\u00a0(<a rel=\"noreferrer noopener\" href=\"https:\/\/www.wroclaw.pl\/linia-146-wroclaw\" target=\"_blank\">rozk\u0142ad jazdy autobus\u00f3w linii 146<\/a>)<\/li><li>tramwajem linii 70 &#8211; z przystanku\u00a0<em>DWORZEC G\u0141\u00d3WNY PKP<\/em>\u00a0w kierunku\u00a0<em>OSOBOWICE<\/em>\u00a0(<a href=\"https:\/\/www.wroclaw.pl\/linia-70-wroclaw\">rozk\u0142ad jazdy tramwaj\u00f3w linii 70<\/a>)<\/li><li>tramwajem linii 2 &#8211; z przystanku\u00a0<em>DWORZEC G\u0141\u00d3WNY PKP<\/em>\u00a0w kierunku\u00a0<em>BISKUPIN<\/em> (<a rel=\"noreferrer noopener\" href=\"https:\/\/www.wroclaw.pl\/linia-2-wroclaw\" target=\"_blank\">rozk\u0142ad jazdy tramwaj\u00f3w linii 2<\/a>)<\/li><\/ul>\n\n<\/div>\n\t\t<\/div>\n\n<div class=\"wp-block-ub-content-toggle-accordion\" style=\"border-color: #f1f1f1; \" id=\"ub-content-toggle-panel-block-\">\n\t\t\t<div class=\"wp-block-ub-content-toggle-accordion-title-wrap\" style=\"background-color: #f1f1f1;\" aria-controls=\"ub-content-toggle-panel-3-9572cd80-26aa-438e-9643-56437bbc8593\" tabindex=\"0\">\n\t\t\t<p class=\"wp-block-ub-content-toggle-accordion-title ub-content-toggle-title-9572cd80-26aa-438e-9643-56437bbc8593\" style=\"color: #000000; \">Informacj\u0119 o Wroc\u0142awiu<\/p>\n\t\t\t<div class=\"wp-block-ub-content-toggle-accordion-toggle-wrap right\" style=\"color: #000000;\"><span class=\"wp-block-ub-content-toggle-accordion-state-indicator wp-block-ub-chevron-down\"><\/span><\/div>\n\t\t<\/div>\n\t\t\t<div role=\"region\" aria-expanded=\"false\" class=\"wp-block-ub-content-toggle-accordion-content-wrap ub-hide\" id=\"ub-content-toggle-panel-3-9572cd80-26aa-438e-9643-56437bbc8593\">\n\n<p>Dodatkowe informacje o Wroc\u0142awiu, wydarzeniach kulturalnych, komunikacji oraz plan miasta dost\u0119pne s\u0105 na miejskim portalu internetowym\u00a0<a rel=\"noreferrer noopener\" href=\"https:\/\/www.wroclaw.pl\/\" target=\"_blank\">www.wroclaw.pl<\/a>.<\/p>\n\n<\/div>\n\t\t<\/div>\n<\/div>","protected":false},"excerpt":{"rendered":"","protected":false},"author":1,"featured_media":0,"parent":0,"menu_order":0,"comment_status":"closed","ping_status":"closed","template":"","meta":{"footnotes":""},"class_list":["post-439","page","type-page","status-publish","hentry","no-post-thumbnail"],"featured_image_src":null,"yoast_head":"<!-- This site is optimized with the Yoast SEO plugin v27.3 - https:\/\/yoast.com\/product\/yoast-seo-wordpress\/ -->\n<title>Miejsce organizacji Warsztat\u00f3w - Warsztaty EMC 2022<\/title>\n<meta name=\"robots\" content=\"index, follow, max-snippet:-1, max-image-preview:large, max-video-preview:-1\" \/>\n<link rel=\"canonical\" href=\"https:\/\/warsztaty-emc.pwr.edu.pl\/2022\/miejsce-organizacji-warsztatow\/\" \/>\n<meta property=\"og:locale\" content=\"pl_PL\" \/>\n<meta property=\"og:type\" content=\"article\" \/>\n<meta property=\"og:title\" content=\"Miejsce organizacji Warsztat\u00f3w - Warsztaty EMC 2022\" \/>\n<meta property=\"og:url\" content=\"https:\/\/warsztaty-emc.pwr.edu.pl\/2022\/miejsce-organizacji-warsztatow\/\" \/>\n<meta property=\"og:site_name\" content=\"Warsztaty EMC 2022\" \/>\n<meta name=\"twitter:card\" content=\"summary_large_image\" \/>\n<meta name=\"twitter:label1\" content=\"Szacowany czas czytania\" \/>\n\t<meta name=\"twitter:data1\" content=\"1 minuta\" \/>\n<script type=\"application\/ld+json\" class=\"yoast-schema-graph\">{\"@context\":\"https:\\\/\\\/schema.org\",\"@graph\":[{\"@type\":\"WebPage\",\"@id\":\"https:\\\/\\\/warsztaty-emc.pwr.edu.pl\\\/2022\\\/miejsce-organizacji-warsztatow\\\/\",\"url\":\"https:\\\/\\\/warsztaty-emc.pwr.edu.pl\\\/2022\\\/miejsce-organizacji-warsztatow\\\/\",\"name\":\"Miejsce organizacji Warsztat\u00f3w - Warsztaty EMC 2022\",\"isPartOf\":{\"@id\":\"https:\\\/\\\/warsztaty-emc.pwr.edu.pl\\\/2022\\\/#website\"},\"primaryImageOfPage\":{\"@id\":\"https:\\\/\\\/warsztaty-emc.pwr.edu.pl\\\/2022\\\/miejsce-organizacji-warsztatow\\\/#primaryimage\"},\"image\":{\"@id\":\"https:\\\/\\\/warsztaty-emc.pwr.edu.pl\\\/2022\\\/miejsce-organizacji-warsztatow\\\/#primaryimage\"},\"thumbnailUrl\":\"https:\\\/\\\/warsztaty-emc.pwr.edu.pl\\\/wp-content\\\/uploads\\\/2022\\\/03\\\/mapa_campus.jpg\",\"datePublished\":\"2022-03-30T12:22:18+00:00\",\"breadcrumb\":{\"@id\":\"https:\\\/\\\/warsztaty-emc.pwr.edu.pl\\\/2022\\\/miejsce-organizacji-warsztatow\\\/#breadcrumb\"},\"inLanguage\":\"pl-PL\",\"potentialAction\":[{\"@type\":\"ReadAction\",\"target\":[\"https:\\\/\\\/warsztaty-emc.pwr.edu.pl\\\/2022\\\/miejsce-organizacji-warsztatow\\\/\"]}]},{\"@type\":\"ImageObject\",\"inLanguage\":\"pl-PL\",\"@id\":\"https:\\\/\\\/warsztaty-emc.pwr.edu.pl\\\/2022\\\/miejsce-organizacji-warsztatow\\\/#primaryimage\",\"url\":\"https:\\\/\\\/warsztaty-emc.pwr.edu.pl\\\/wp-content\\\/uploads\\\/2022\\\/03\\\/mapa_campus.jpg\",\"contentUrl\":\"https:\\\/\\\/warsztaty-emc.pwr.edu.pl\\\/wp-content\\\/uploads\\\/2022\\\/03\\\/mapa_campus.jpg\"},{\"@type\":\"BreadcrumbList\",\"@id\":\"https:\\\/\\\/warsztaty-emc.pwr.edu.pl\\\/2022\\\/miejsce-organizacji-warsztatow\\\/#breadcrumb\",\"itemListElement\":[{\"@type\":\"ListItem\",\"position\":1,\"name\":\"Strona g\u0142\u00f3wna\",\"item\":\"https:\\\/\\\/warsztaty-emc.pwr.edu.pl\\\/2022\\\/\"},{\"@type\":\"ListItem\",\"position\":2,\"name\":\"Miejsce organizacji Warsztat\u00f3w\"}]},{\"@type\":\"WebSite\",\"@id\":\"https:\\\/\\\/warsztaty-emc.pwr.edu.pl\\\/2022\\\/#website\",\"url\":\"https:\\\/\\\/warsztaty-emc.pwr.edu.pl\\\/2022\\\/\",\"name\":\"Warsztaty EMC 2022\",\"description\":\"XIII Krajowe Warsztaty EMC\",\"publisher\":{\"@id\":\"https:\\\/\\\/warsztaty-emc.pwr.edu.pl\\\/2022\\\/#organization\"},\"potentialAction\":[{\"@type\":\"SearchAction\",\"target\":{\"@type\":\"EntryPoint\",\"urlTemplate\":\"https:\\\/\\\/warsztaty-emc.pwr.edu.pl\\\/2022\\\/?s={search_term_string}\"},\"query-input\":{\"@type\":\"PropertyValueSpecification\",\"valueRequired\":true,\"valueName\":\"search_term_string\"}}],\"inLanguage\":\"pl-PL\"},{\"@type\":\"Organization\",\"@id\":\"https:\\\/\\\/warsztaty-emc.pwr.edu.pl\\\/2022\\\/#organization\",\"name\":\"Warsztaty EMC 2022\",\"url\":\"https:\\\/\\\/warsztaty-emc.pwr.edu.pl\\\/2022\\\/\",\"logo\":{\"@type\":\"ImageObject\",\"inLanguage\":\"pl-PL\",\"@id\":\"https:\\\/\\\/warsztaty-emc.pwr.edu.pl\\\/2022\\\/#\\\/schema\\\/logo\\\/image\\\/\",\"url\":\"https:\\\/\\\/warsztaty-emc.pwr.edu.pl\\\/2022\\\/wp-content\\\/uploads\\\/sites\\\/3\\\/2026\\\/02\\\/logo-odnowione_wieksze.png\",\"contentUrl\":\"https:\\\/\\\/warsztaty-emc.pwr.edu.pl\\\/2022\\\/wp-content\\\/uploads\\\/sites\\\/3\\\/2026\\\/02\\\/logo-odnowione_wieksze.png\",\"width\":460,\"height\":50,\"caption\":\"Warsztaty EMC 2022\"},\"image\":{\"@id\":\"https:\\\/\\\/warsztaty-emc.pwr.edu.pl\\\/2022\\\/#\\\/schema\\\/logo\\\/image\\\/\"}}]}<\/script>\n<!-- \/ Yoast SEO plugin. -->","yoast_head_json":{"title":"Miejsce organizacji Warsztat\u00f3w - Warsztaty EMC 2022","robots":{"index":"index","follow":"follow","max-snippet":"max-snippet:-1","max-image-preview":"max-image-preview:large","max-video-preview":"max-video-preview:-1"},"canonical":"https:\/\/warsztaty-emc.pwr.edu.pl\/2022\/miejsce-organizacji-warsztatow\/","og_locale":"pl_PL","og_type":"article","og_title":"Miejsce organizacji Warsztat\u00f3w - Warsztaty EMC 2022","og_url":"https:\/\/warsztaty-emc.pwr.edu.pl\/2022\/miejsce-organizacji-warsztatow\/","og_site_name":"Warsztaty EMC 2022","twitter_card":"summary_large_image","twitter_misc":{"Szacowany czas czytania":"1 minuta"},"schema":{"@context":"https:\/\/schema.org","@graph":[{"@type":"WebPage","@id":"https:\/\/warsztaty-emc.pwr.edu.pl\/2022\/miejsce-organizacji-warsztatow\/","url":"https:\/\/warsztaty-emc.pwr.edu.pl\/2022\/miejsce-organizacji-warsztatow\/","name":"Miejsce organizacji Warsztat\u00f3w - Warsztaty EMC 2022","isPartOf":{"@id":"https:\/\/warsztaty-emc.pwr.edu.pl\/2022\/#website"},"primaryImageOfPage":{"@id":"https:\/\/warsztaty-emc.pwr.edu.pl\/2022\/miejsce-organizacji-warsztatow\/#primaryimage"},"image":{"@id":"https:\/\/warsztaty-emc.pwr.edu.pl\/2022\/miejsce-organizacji-warsztatow\/#primaryimage"},"thumbnailUrl":"https:\/\/warsztaty-emc.pwr.edu.pl\/wp-content\/uploads\/2022\/03\/mapa_campus.jpg","datePublished":"2022-03-30T12:22:18+00:00","breadcrumb":{"@id":"https:\/\/warsztaty-emc.pwr.edu.pl\/2022\/miejsce-organizacji-warsztatow\/#breadcrumb"},"inLanguage":"pl-PL","potentialAction":[{"@type":"ReadAction","target":["https:\/\/warsztaty-emc.pwr.edu.pl\/2022\/miejsce-organizacji-warsztatow\/"]}]},{"@type":"ImageObject","inLanguage":"pl-PL","@id":"https:\/\/warsztaty-emc.pwr.edu.pl\/2022\/miejsce-organizacji-warsztatow\/#primaryimage","url":"https:\/\/warsztaty-emc.pwr.edu.pl\/wp-content\/uploads\/2022\/03\/mapa_campus.jpg","contentUrl":"https:\/\/warsztaty-emc.pwr.edu.pl\/wp-content\/uploads\/2022\/03\/mapa_campus.jpg"},{"@type":"BreadcrumbList","@id":"https:\/\/warsztaty-emc.pwr.edu.pl\/2022\/miejsce-organizacji-warsztatow\/#breadcrumb","itemListElement":[{"@type":"ListItem","position":1,"name":"Strona g\u0142\u00f3wna","item":"https:\/\/warsztaty-emc.pwr.edu.pl\/2022\/"},{"@type":"ListItem","position":2,"name":"Miejsce organizacji Warsztat\u00f3w"}]},{"@type":"WebSite","@id":"https:\/\/warsztaty-emc.pwr.edu.pl\/2022\/#website","url":"https:\/\/warsztaty-emc.pwr.edu.pl\/2022\/","name":"Warsztaty EMC 2022","description":"XIII Krajowe Warsztaty EMC","publisher":{"@id":"https:\/\/warsztaty-emc.pwr.edu.pl\/2022\/#organization"},"potentialAction":[{"@type":"SearchAction","target":{"@type":"EntryPoint","urlTemplate":"https:\/\/warsztaty-emc.pwr.edu.pl\/2022\/?s={search_term_string}"},"query-input":{"@type":"PropertyValueSpecification","valueRequired":true,"valueName":"search_term_string"}}],"inLanguage":"pl-PL"},{"@type":"Organization","@id":"https:\/\/warsztaty-emc.pwr.edu.pl\/2022\/#organization","name":"Warsztaty EMC 2022","url":"https:\/\/warsztaty-emc.pwr.edu.pl\/2022\/","logo":{"@type":"ImageObject","inLanguage":"pl-PL","@id":"https:\/\/warsztaty-emc.pwr.edu.pl\/2022\/#\/schema\/logo\/image\/","url":"https:\/\/warsztaty-emc.pwr.edu.pl\/2022\/wp-content\/uploads\/sites\/3\/2026\/02\/logo-odnowione_wieksze.png","contentUrl":"https:\/\/warsztaty-emc.pwr.edu.pl\/2022\/wp-content\/uploads\/sites\/3\/2026\/02\/logo-odnowione_wieksze.png","width":460,"height":50,"caption":"Warsztaty EMC 2022"},"image":{"@id":"https:\/\/warsztaty-emc.pwr.edu.pl\/2022\/#\/schema\/logo\/image\/"}}]}},"_links":{"self":[{"href":"https:\/\/warsztaty-emc.pwr.edu.pl\/2022\/wp-json\/wp\/v2\/pages\/439","targetHints":{"allow":["GET"]}}],"collection":[{"href":"https:\/\/warsztaty-emc.pwr.edu.pl\/2022\/wp-json\/wp\/v2\/pages"}],"about":[{"href":"https:\/\/warsztaty-emc.pwr.edu.pl\/2022\/wp-json\/wp\/v2\/types\/page"}],"author":[{"embeddable":true,"href":"https:\/\/warsztaty-emc.pwr.edu.pl\/2022\/wp-json\/wp\/v2\/users\/1"}],"replies":[{"embeddable":true,"href":"https:\/\/warsztaty-emc.pwr.edu.pl\/2022\/wp-json\/wp\/v2\/comments?post=439"}],"version-history":[{"count":0,"href":"https:\/\/warsztaty-emc.pwr.edu.pl\/2022\/wp-json\/wp\/v2\/pages\/439\/revisions"}],"wp:attachment":[{"href":"https:\/\/warsztaty-emc.pwr.edu.pl\/2022\/wp-json\/wp\/v2\/media?parent=439"}],"curies":[{"name":"wp","href":"https:\/\/api.w.org\/{rel}","templated":true}]}}