{"id":626,"date":"2022-04-06T20:50:36","date_gmt":"2022-04-06T18:50:36","guid":{"rendered":"https:\/\/warsztaty-emc.pwr.edu.pl\/?page_id=626"},"modified":"2022-04-06T20:50:36","modified_gmt":"2022-04-06T18:50:36","slug":"wystawcy","status":"publish","type":"page","link":"https:\/\/warsztaty-emc.pwr.edu.pl\/2022\/wystawcy\/","title":{"rendered":"Wystawcy"},"content":{"rendered":"\n<div class=\"wp-block-columns is-layout-flex wp-container-core-columns-is-layout-9d6595d7 wp-block-columns-is-layout-flex\">\n<div class=\"wp-block-column is-layout-flow wp-block-column-is-layout-flow\">\n<ul class=\"wp-block-list\"><li><strong>AP-FLYER sp. z o.o.<\/strong><br>ul. \u017bega\u0144ska 2d<br>04-713 Warszawa<br>tel:: +48 22 613 04 87, +48 22 274 17 60 do 63<br>fax: +48 22 613 06 12<br>e-mail: info@ap-flyer.pl<br><\/li><li><strong>ASTAT sp. z o.o.<\/strong><br>ul. D\u0105browskiego 441<br>60-451 Pozna\u0144<br>tel. (61) 848 88 71<br>fax. (61) 848 82 76<br>e-mail: info@astat.pl<br><\/li><li><strong>AM Technologies Sp. z o.o. Sp.j.<\/strong><br>Al. Jerozolimskie 146C<br>02-305 Warszawa<br>tel.: (22) 532 28 00<br>fax: (22) 532 28 28<br>e-mail: info@amt.pl<br><\/li><li><strong>EMC-FORTO Sp. z o.o.<\/strong><br>ul. Berdyczowska 11<br>08-110 Siedlce<br>tel: +48 518643512<br>fax: +48 518643512 wewn. 4<br>e-mail: info@emcforto.pl<br><\/li><li><strong>Tespol Sp. z o.o.<\/strong><br>ul. Kleci\u0144ska 125, 54-413 Wroc\u0142aw<br>tel. +48 71 783 63 60<br>fax +48 71 783 63 61<br>e-mail: tespol@tespol.com.pl<\/li><\/ul>\n<\/div>\n\n\n\n<div class=\"wp-block-column is-layout-flow wp-block-column-is-layout-flow\">\n<ul class=\"wp-block-list\"><li><strong>Frankonia EMC<\/strong><br>Test-Systems GmbH<br>Daimlerstr. 17<br>91301 Forchheim<br>Germany<br>tel: +49 9191 \u2013 73666-0<br>fax: +49 9191 \u2013 73666-20<br>email: info@frankonia-emv.com<br><\/li><li><strong>Instytut \u0141\u0105czno\u015bci &#8211; Pa\u0144stwowy Instytut Badawczy<\/strong><br>ul. Szachowa 1,<br>04-894 Warszawa<br>tel: +48 22 5128 100<br>e-mail: info@il-pib.pl<br><\/li><li><strong>Rohde &amp; Schwarz \u00d6sterreich Sp. z o.o. Przedstawicielstwo w Polsce<\/strong><br>al. Jerozolimskie 92<br>02-001 Warszawa<br>tel: +48 22 337 6490 do 98<br>fax: +48 22 465 2965<br><\/li><li><strong>Sie\u0107 Badawcza \u0141ukasiewicz \u2013 Przemys\u0142owy Instytut Motoryzacji<\/strong><br>ul. Jagiello\u0144ska 55<br>03-301 Warszawa<br>tel: +48 22 7777-000<br>fax: +48 22 7777-020<br>e-mail: instytut@pimot.lukasiewicz.gov.pl<br><\/li><li><strong>WAVE-TEST Sp. z o.o.<\/strong><br>ul. Bonifraterska 17, 00-203 Warszawa<br>e-mail: info@wave-test.pl<\/li><\/ul>\n<\/div>\n<\/div>\n","protected":false},"excerpt":{"rendered":"<p>AP-FLYER sp. z o.o.ul. \u017bega\u0144ska 2d04-713 Warszawatel:: +48 22 613 04 87, +48 22 274 17 60 do 63fax: +48<span class=\"more-dots\">&#8230;<\/span><\/p>\n","protected":false},"author":1,"featured_media":0,"parent":0,"menu_order":0,"comment_status":"closed","ping_status":"closed","template":"","meta":{"footnotes":""},"class_list":["post-626","page","type-page","status-publish","hentry","no-post-thumbnail"],"featured_image_src":null,"yoast_head":"<!-- This site is optimized with the Yoast SEO plugin v27.3 - https:\/\/yoast.com\/product\/yoast-seo-wordpress\/ -->\n<title>Wystawcy - Warsztaty EMC 2022<\/title>\n<meta name=\"robots\" content=\"index, follow, max-snippet:-1, max-image-preview:large, max-video-preview:-1\" \/>\n<link rel=\"canonical\" href=\"https:\/\/warsztaty-emc.pwr.edu.pl\/2022\/wystawcy\/\" \/>\n<meta property=\"og:locale\" content=\"pl_PL\" \/>\n<meta property=\"og:type\" content=\"article\" \/>\n<meta property=\"og:title\" content=\"Wystawcy - Warsztaty EMC 2022\" \/>\n<meta property=\"og:description\" content=\"AP-FLYER sp. z o.o.ul. \u017bega\u0144ska 2d04-713 Warszawatel:: +48 22 613 04 87, +48 22 274 17 60 do 63fax: +48...\" \/>\n<meta property=\"og:url\" content=\"https:\/\/warsztaty-emc.pwr.edu.pl\/2022\/wystawcy\/\" \/>\n<meta property=\"og:site_name\" content=\"Warsztaty EMC 2022\" \/>\n<meta name=\"twitter:card\" content=\"summary_large_image\" \/>\n<meta name=\"twitter:label1\" content=\"Szacowany czas czytania\" \/>\n\t<meta name=\"twitter:data1\" content=\"1 minuta\" \/>\n<script type=\"application\/ld+json\" class=\"yoast-schema-graph\">{\"@context\":\"https:\\\/\\\/schema.org\",\"@graph\":[{\"@type\":\"WebPage\",\"@id\":\"https:\\\/\\\/warsztaty-emc.pwr.edu.pl\\\/2022\\\/wystawcy\\\/\",\"url\":\"https:\\\/\\\/warsztaty-emc.pwr.edu.pl\\\/2022\\\/wystawcy\\\/\",\"name\":\"Wystawcy - Warsztaty EMC 2022\",\"isPartOf\":{\"@id\":\"https:\\\/\\\/warsztaty-emc.pwr.edu.pl\\\/2022\\\/#website\"},\"datePublished\":\"2022-04-06T18:50:36+00:00\",\"breadcrumb\":{\"@id\":\"https:\\\/\\\/warsztaty-emc.pwr.edu.pl\\\/2022\\\/wystawcy\\\/#breadcrumb\"},\"inLanguage\":\"pl-PL\",\"potentialAction\":[{\"@type\":\"ReadAction\",\"target\":[\"https:\\\/\\\/warsztaty-emc.pwr.edu.pl\\\/2022\\\/wystawcy\\\/\"]}]},{\"@type\":\"BreadcrumbList\",\"@id\":\"https:\\\/\\\/warsztaty-emc.pwr.edu.pl\\\/2022\\\/wystawcy\\\/#breadcrumb\",\"itemListElement\":[{\"@type\":\"ListItem\",\"position\":1,\"name\":\"Strona g\u0142\u00f3wna\",\"item\":\"https:\\\/\\\/warsztaty-emc.pwr.edu.pl\\\/2022\\\/\"},{\"@type\":\"ListItem\",\"position\":2,\"name\":\"Wystawcy\"}]},{\"@type\":\"WebSite\",\"@id\":\"https:\\\/\\\/warsztaty-emc.pwr.edu.pl\\\/2022\\\/#website\",\"url\":\"https:\\\/\\\/warsztaty-emc.pwr.edu.pl\\\/2022\\\/\",\"name\":\"Warsztaty EMC 2022\",\"description\":\"XIII Krajowe Warsztaty EMC\",\"publisher\":{\"@id\":\"https:\\\/\\\/warsztaty-emc.pwr.edu.pl\\\/2022\\\/#organization\"},\"potentialAction\":[{\"@type\":\"SearchAction\",\"target\":{\"@type\":\"EntryPoint\",\"urlTemplate\":\"https:\\\/\\\/warsztaty-emc.pwr.edu.pl\\\/2022\\\/?s={search_term_string}\"},\"query-input\":{\"@type\":\"PropertyValueSpecification\",\"valueRequired\":true,\"valueName\":\"search_term_string\"}}],\"inLanguage\":\"pl-PL\"},{\"@type\":\"Organization\",\"@id\":\"https:\\\/\\\/warsztaty-emc.pwr.edu.pl\\\/2022\\\/#organization\",\"name\":\"Warsztaty EMC 2022\",\"url\":\"https:\\\/\\\/warsztaty-emc.pwr.edu.pl\\\/2022\\\/\",\"logo\":{\"@type\":\"ImageObject\",\"inLanguage\":\"pl-PL\",\"@id\":\"https:\\\/\\\/warsztaty-emc.pwr.edu.pl\\\/2022\\\/#\\\/schema\\\/logo\\\/image\\\/\",\"url\":\"https:\\\/\\\/warsztaty-emc.pwr.edu.pl\\\/2022\\\/wp-content\\\/uploads\\\/sites\\\/3\\\/2026\\\/02\\\/logo-odnowione_wieksze.png\",\"contentUrl\":\"https:\\\/\\\/warsztaty-emc.pwr.edu.pl\\\/2022\\\/wp-content\\\/uploads\\\/sites\\\/3\\\/2026\\\/02\\\/logo-odnowione_wieksze.png\",\"width\":460,\"height\":50,\"caption\":\"Warsztaty EMC 2022\"},\"image\":{\"@id\":\"https:\\\/\\\/warsztaty-emc.pwr.edu.pl\\\/2022\\\/#\\\/schema\\\/logo\\\/image\\\/\"}}]}<\/script>\n<!-- \/ Yoast SEO plugin. -->","yoast_head_json":{"title":"Wystawcy - Warsztaty EMC 2022","robots":{"index":"index","follow":"follow","max-snippet":"max-snippet:-1","max-image-preview":"max-image-preview:large","max-video-preview":"max-video-preview:-1"},"canonical":"https:\/\/warsztaty-emc.pwr.edu.pl\/2022\/wystawcy\/","og_locale":"pl_PL","og_type":"article","og_title":"Wystawcy - Warsztaty EMC 2022","og_description":"AP-FLYER sp. z o.o.ul. \u017bega\u0144ska 2d04-713 Warszawatel:: +48 22 613 04 87, +48 22 274 17 60 do 63fax: +48...","og_url":"https:\/\/warsztaty-emc.pwr.edu.pl\/2022\/wystawcy\/","og_site_name":"Warsztaty EMC 2022","twitter_card":"summary_large_image","twitter_misc":{"Szacowany czas czytania":"1 minuta"},"schema":{"@context":"https:\/\/schema.org","@graph":[{"@type":"WebPage","@id":"https:\/\/warsztaty-emc.pwr.edu.pl\/2022\/wystawcy\/","url":"https:\/\/warsztaty-emc.pwr.edu.pl\/2022\/wystawcy\/","name":"Wystawcy - Warsztaty EMC 2022","isPartOf":{"@id":"https:\/\/warsztaty-emc.pwr.edu.pl\/2022\/#website"},"datePublished":"2022-04-06T18:50:36+00:00","breadcrumb":{"@id":"https:\/\/warsztaty-emc.pwr.edu.pl\/2022\/wystawcy\/#breadcrumb"},"inLanguage":"pl-PL","potentialAction":[{"@type":"ReadAction","target":["https:\/\/warsztaty-emc.pwr.edu.pl\/2022\/wystawcy\/"]}]},{"@type":"BreadcrumbList","@id":"https:\/\/warsztaty-emc.pwr.edu.pl\/2022\/wystawcy\/#breadcrumb","itemListElement":[{"@type":"ListItem","position":1,"name":"Strona g\u0142\u00f3wna","item":"https:\/\/warsztaty-emc.pwr.edu.pl\/2022\/"},{"@type":"ListItem","position":2,"name":"Wystawcy"}]},{"@type":"WebSite","@id":"https:\/\/warsztaty-emc.pwr.edu.pl\/2022\/#website","url":"https:\/\/warsztaty-emc.pwr.edu.pl\/2022\/","name":"Warsztaty EMC 2022","description":"XIII Krajowe Warsztaty EMC","publisher":{"@id":"https:\/\/warsztaty-emc.pwr.edu.pl\/2022\/#organization"},"potentialAction":[{"@type":"SearchAction","target":{"@type":"EntryPoint","urlTemplate":"https:\/\/warsztaty-emc.pwr.edu.pl\/2022\/?s={search_term_string}"},"query-input":{"@type":"PropertyValueSpecification","valueRequired":true,"valueName":"search_term_string"}}],"inLanguage":"pl-PL"},{"@type":"Organization","@id":"https:\/\/warsztaty-emc.pwr.edu.pl\/2022\/#organization","name":"Warsztaty EMC 2022","url":"https:\/\/warsztaty-emc.pwr.edu.pl\/2022\/","logo":{"@type":"ImageObject","inLanguage":"pl-PL","@id":"https:\/\/warsztaty-emc.pwr.edu.pl\/2022\/#\/schema\/logo\/image\/","url":"https:\/\/warsztaty-emc.pwr.edu.pl\/2022\/wp-content\/uploads\/sites\/3\/2026\/02\/logo-odnowione_wieksze.png","contentUrl":"https:\/\/warsztaty-emc.pwr.edu.pl\/2022\/wp-content\/uploads\/sites\/3\/2026\/02\/logo-odnowione_wieksze.png","width":460,"height":50,"caption":"Warsztaty EMC 2022"},"image":{"@id":"https:\/\/warsztaty-emc.pwr.edu.pl\/2022\/#\/schema\/logo\/image\/"}}]}},"_links":{"self":[{"href":"https:\/\/warsztaty-emc.pwr.edu.pl\/2022\/wp-json\/wp\/v2\/pages\/626","targetHints":{"allow":["GET"]}}],"collection":[{"href":"https:\/\/warsztaty-emc.pwr.edu.pl\/2022\/wp-json\/wp\/v2\/pages"}],"about":[{"href":"https:\/\/warsztaty-emc.pwr.edu.pl\/2022\/wp-json\/wp\/v2\/types\/page"}],"author":[{"embeddable":true,"href":"https:\/\/warsztaty-emc.pwr.edu.pl\/2022\/wp-json\/wp\/v2\/users\/1"}],"replies":[{"embeddable":true,"href":"https:\/\/warsztaty-emc.pwr.edu.pl\/2022\/wp-json\/wp\/v2\/comments?post=626"}],"version-history":[{"count":0,"href":"https:\/\/warsztaty-emc.pwr.edu.pl\/2022\/wp-json\/wp\/v2\/pages\/626\/revisions"}],"wp:attachment":[{"href":"https:\/\/warsztaty-emc.pwr.edu.pl\/2022\/wp-json\/wp\/v2\/media?parent=626"}],"curies":[{"name":"wp","href":"https:\/\/api.w.org\/{rel}","templated":true}]}}