{"id":659,"date":"2022-04-08T15:06:15","date_gmt":"2022-04-08T13:06:15","guid":{"rendered":"https:\/\/warsztaty-emc.pwr.edu.pl\/?page_id=659"},"modified":"2022-04-08T15:06:15","modified_gmt":"2022-04-08T13:06:15","slug":"dla-autorow","status":"publish","type":"page","link":"https:\/\/warsztaty-emc.pwr.edu.pl\/2022\/dla-autorow\/","title":{"rendered":"Informacj\u0119 dla autor\u00f3w"},"content":{"rendered":"\n<p>Organizatorzy XIII Krajowych Warsztat\u00f3w Kompatybilno\u015bci Elektromagnetycznej zapraszaj\u0105 do nadsy\u0142ania zg\u0142osze\u0144 interesuj\u0105cych, oryginalnych i przegl\u0105dowych prezentacji oraz referat\u00f3w naukowych zwi\u0105zanych z&nbsp;<a href=\"https:\/\/warsztaty-emc.pwr.edu.pl\/2022\/03\/16\/xiii-krajowe-warsztaty-kompatybilnosci-elektromagnetycznej\/\" data-type=\"post\" data-id=\"108\">tematyk\u0105 konferencji<\/a>, kt\u00f3re po kwalifikacji przez Rad\u0119 Programow\u0105 b\u0119d\u0105 zaprezentowane podczas konferencji. Przygotowane przez autor\u00f3w prezentacje zostan\u0105 wydane w formie materia\u0142\u00f3w konferencyjnych. Referaty nades\u0142ane w formie pe\u0142nych artyku\u0142\u00f3w naukowych i przegl\u0105dowych zostan\u0105, po pozytywnej ocenie Rady Programowej, wydane w periodyku naukowym.<\/p>\n\n\n\n<h2 class=\"wp-block-heading\">Wa\u017cne daty<\/h2>\n\n\n\n<ul class=\"wp-block-list\"><li>9 maja 2022r. \u2013 termin nadsy\u0142ania propozycji temat\u00f3w prezentacji i streszcze\u0144 referat\u00f3w (1 strona A4) lub pe\u0142nych referat\u00f3w bez konieczno\u015bci formalnego formatowania tekstu,<\/li><li>23 maja 2022r. \u2013 decyzja Rady Programowej o przyj\u0119ciu propozycji referatu lub prezentacji oraz zamieszczenie jej w programie Warsztat\u00f3w,<\/li><li>30 maja 2022r. \u2013 termin nadsy\u0142ania pe\u0142nych wersji prezentacji, gotowych do wydruku jako materia\u0142 konferencyjny (prezentacja w formacie MS Power Point \u2013 .ppt, .pptx lub prezentacja w formacie PDF) oraz pe\u0142nych tekst\u00f3w referat\u00f3w (zgodnie z wymaganym formatowaniem).<\/li><\/ul>\n\n\n\n<h2 class=\"wp-block-heading\">Pliki z wytycznymi dla autor\u00f3w<\/h2>\n\n\n\n<div class=\"wp-block-file\"><a id=\"wp-block-file--media-7f83044a-6d1a-48c7-8ab8-fb339db77fe1\" href=\"https:\/\/warsztaty-emc.pwr.edu.pl\/wp-content\/uploads\/2022\/04\/Instrukcja_dla_autorow.doc\">instrukcja dla autor\u00f3w<\/a><a href=\"https:\/\/warsztaty-emc.pwr.edu.pl\/wp-content\/uploads\/2022\/04\/Instrukcja_dla_autorow.doc\" class=\"wp-block-file__button\" download aria-describedby=\"wp-block-file--media-7f83044a-6d1a-48c7-8ab8-fb339db77fe1\">Pobierz<\/a><\/div>\n\n\n\n<div class=\"wp-block-file\"><a id=\"wp-block-file--media-d9f7395d-2ff5-49fd-8dc3-ec2d7f648ccb\" href=\"https:\/\/warsztaty-emc.pwr.edu.pl\/wp-content\/uploads\/2022\/04\/przyklad_referatu_WEMC.doc\">przyk\u0142ad referatu WEMC<\/a><a href=\"https:\/\/warsztaty-emc.pwr.edu.pl\/wp-content\/uploads\/2022\/04\/przyklad_referatu_WEMC.doc\" class=\"wp-block-file__button\" download aria-describedby=\"wp-block-file--media-d9f7395d-2ff5-49fd-8dc3-ec2d7f648ccb\">Pobierz<\/a><\/div>\n\n\n\n<div class=\"wp-block-file\"><a id=\"wp-block-file--media-618c546f-6141-488f-9474-70d41c700aa6\" href=\"https:\/\/warsztaty-emc.pwr.edu.pl\/wp-content\/uploads\/2022\/04\/szablon_referatu_WEMC.docx\">szablon referatu WEMC<\/a><a href=\"https:\/\/warsztaty-emc.pwr.edu.pl\/wp-content\/uploads\/2022\/04\/szablon_referatu_WEMC.docx\" class=\"wp-block-file__button\" download aria-describedby=\"wp-block-file--media-618c546f-6141-488f-9474-70d41c700aa6\">Pobierz<\/a><\/div>\n\n\n\n<h2 class=\"wp-block-heading\">Szczeg\u00f3\u0142y techniczne prezentacji<\/h2>\n\n\n\n<p>Nades\u0142ane prezentacje zostan\u0105 zainstalowane na komputerach, kt\u00f3re b\u0119d\u0105 wykorzystywane do prezentacji w czasie Warsztat\u00f3w EMC, a nast\u0119pnie przetestowane przez organizator\u00f3w. Wcze\u015bniejsze nades\u0142anie prezentacji ograniczy wyst\u0119powanie typowych problem\u00f3w technicznych. Ewentualne poprawki b\u0119d\u0105 bezpo\u015brednio konsultowane z autorem prezentacji, dlatego przy wysy\u0142ce prosimy o wskazanie dok\u0142adnego kontaktu do prelegenta. W przypadku nie dostarczenia prezentacji, w okre\u015blonym terminie organizatorzy nie ponosz\u0105 odpowiedzialno\u015bci za powsta\u0142e z tej przyczyny problemy techniczne.<\/p>\n\n\n\n<p>Autor\u00f3w referat\u00f3w prosimy o kontakt z przewodnicz\u0105cym sesji i obs\u0142ug\u0105 techniczn\u0105 minimum 15 minut przed rozpocz\u0119ciem sesji w celu om\u00f3wienia jej szczeg\u00f3\u0142\u00f3w.<\/p>\n","protected":false},"excerpt":{"rendered":"<p>Organizatorzy XIII Krajowych Warsztat\u00f3w Kompatybilno\u015bci Elektromagnetycznej zapraszaj\u0105 do nadsy\u0142ania zg\u0142osze\u0144 interesuj\u0105cych, oryginalnych i przegl\u0105dowych prezentacji oraz referat\u00f3w naukowych zwi\u0105zanych z&nbsp;tematyk\u0105<span class=\"more-dots\">&#8230;<\/span><\/p>\n","protected":false},"author":1,"featured_media":0,"parent":0,"menu_order":0,"comment_status":"closed","ping_status":"closed","template":"","meta":{"footnotes":""},"class_list":["post-659","page","type-page","status-publish","hentry","no-post-thumbnail"],"featured_image_src":null,"yoast_head":"<!-- This site is optimized with the Yoast SEO plugin v27.3 - https:\/\/yoast.com\/product\/yoast-seo-wordpress\/ -->\n<title>Informacj\u0119 dla autor\u00f3w - Warsztaty EMC 2022<\/title>\n<meta name=\"robots\" content=\"index, follow, max-snippet:-1, max-image-preview:large, max-video-preview:-1\" \/>\n<link rel=\"canonical\" href=\"https:\/\/warsztaty-emc.pwr.edu.pl\/2022\/dla-autorow\/\" \/>\n<meta property=\"og:locale\" content=\"pl_PL\" \/>\n<meta property=\"og:type\" content=\"article\" \/>\n<meta property=\"og:title\" content=\"Informacj\u0119 dla autor\u00f3w - Warsztaty EMC 2022\" \/>\n<meta property=\"og:description\" content=\"Organizatorzy XIII Krajowych Warsztat\u00f3w Kompatybilno\u015bci Elektromagnetycznej zapraszaj\u0105 do nadsy\u0142ania zg\u0142osze\u0144 interesuj\u0105cych, oryginalnych i przegl\u0105dowych prezentacji oraz referat\u00f3w naukowych zwi\u0105zanych z&nbsp;tematyk\u0105...\" \/>\n<meta property=\"og:url\" content=\"https:\/\/warsztaty-emc.pwr.edu.pl\/2022\/dla-autorow\/\" \/>\n<meta property=\"og:site_name\" content=\"Warsztaty EMC 2022\" \/>\n<meta name=\"twitter:card\" content=\"summary_large_image\" \/>\n<meta name=\"twitter:label1\" content=\"Szacowany czas czytania\" \/>\n\t<meta name=\"twitter:data1\" content=\"1 minuta\" \/>\n<script type=\"application\/ld+json\" class=\"yoast-schema-graph\">{\"@context\":\"https:\\\/\\\/schema.org\",\"@graph\":[{\"@type\":\"WebPage\",\"@id\":\"https:\\\/\\\/warsztaty-emc.pwr.edu.pl\\\/2022\\\/dla-autorow\\\/\",\"url\":\"https:\\\/\\\/warsztaty-emc.pwr.edu.pl\\\/2022\\\/dla-autorow\\\/\",\"name\":\"Informacj\u0119 dla autor\u00f3w - Warsztaty EMC 2022\",\"isPartOf\":{\"@id\":\"https:\\\/\\\/warsztaty-emc.pwr.edu.pl\\\/2022\\\/#website\"},\"datePublished\":\"2022-04-08T13:06:15+00:00\",\"breadcrumb\":{\"@id\":\"https:\\\/\\\/warsztaty-emc.pwr.edu.pl\\\/2022\\\/dla-autorow\\\/#breadcrumb\"},\"inLanguage\":\"pl-PL\",\"potentialAction\":[{\"@type\":\"ReadAction\",\"target\":[\"https:\\\/\\\/warsztaty-emc.pwr.edu.pl\\\/2022\\\/dla-autorow\\\/\"]}]},{\"@type\":\"BreadcrumbList\",\"@id\":\"https:\\\/\\\/warsztaty-emc.pwr.edu.pl\\\/2022\\\/dla-autorow\\\/#breadcrumb\",\"itemListElement\":[{\"@type\":\"ListItem\",\"position\":1,\"name\":\"Strona g\u0142\u00f3wna\",\"item\":\"https:\\\/\\\/warsztaty-emc.pwr.edu.pl\\\/2022\\\/\"},{\"@type\":\"ListItem\",\"position\":2,\"name\":\"Informacj\u0119 dla autor\u00f3w\"}]},{\"@type\":\"WebSite\",\"@id\":\"https:\\\/\\\/warsztaty-emc.pwr.edu.pl\\\/2022\\\/#website\",\"url\":\"https:\\\/\\\/warsztaty-emc.pwr.edu.pl\\\/2022\\\/\",\"name\":\"Warsztaty EMC 2022\",\"description\":\"XIII Krajowe Warsztaty EMC\",\"publisher\":{\"@id\":\"https:\\\/\\\/warsztaty-emc.pwr.edu.pl\\\/2022\\\/#organization\"},\"potentialAction\":[{\"@type\":\"SearchAction\",\"target\":{\"@type\":\"EntryPoint\",\"urlTemplate\":\"https:\\\/\\\/warsztaty-emc.pwr.edu.pl\\\/2022\\\/?s={search_term_string}\"},\"query-input\":{\"@type\":\"PropertyValueSpecification\",\"valueRequired\":true,\"valueName\":\"search_term_string\"}}],\"inLanguage\":\"pl-PL\"},{\"@type\":\"Organization\",\"@id\":\"https:\\\/\\\/warsztaty-emc.pwr.edu.pl\\\/2022\\\/#organization\",\"name\":\"Warsztaty EMC 2022\",\"url\":\"https:\\\/\\\/warsztaty-emc.pwr.edu.pl\\\/2022\\\/\",\"logo\":{\"@type\":\"ImageObject\",\"inLanguage\":\"pl-PL\",\"@id\":\"https:\\\/\\\/warsztaty-emc.pwr.edu.pl\\\/2022\\\/#\\\/schema\\\/logo\\\/image\\\/\",\"url\":\"https:\\\/\\\/warsztaty-emc.pwr.edu.pl\\\/2022\\\/wp-content\\\/uploads\\\/sites\\\/3\\\/2026\\\/02\\\/logo-odnowione_wieksze.png\",\"contentUrl\":\"https:\\\/\\\/warsztaty-emc.pwr.edu.pl\\\/2022\\\/wp-content\\\/uploads\\\/sites\\\/3\\\/2026\\\/02\\\/logo-odnowione_wieksze.png\",\"width\":460,\"height\":50,\"caption\":\"Warsztaty EMC 2022\"},\"image\":{\"@id\":\"https:\\\/\\\/warsztaty-emc.pwr.edu.pl\\\/2022\\\/#\\\/schema\\\/logo\\\/image\\\/\"}}]}<\/script>\n<!-- \/ Yoast SEO plugin. -->","yoast_head_json":{"title":"Informacj\u0119 dla autor\u00f3w - Warsztaty EMC 2022","robots":{"index":"index","follow":"follow","max-snippet":"max-snippet:-1","max-image-preview":"max-image-preview:large","max-video-preview":"max-video-preview:-1"},"canonical":"https:\/\/warsztaty-emc.pwr.edu.pl\/2022\/dla-autorow\/","og_locale":"pl_PL","og_type":"article","og_title":"Informacj\u0119 dla autor\u00f3w - Warsztaty EMC 2022","og_description":"Organizatorzy XIII Krajowych Warsztat\u00f3w Kompatybilno\u015bci Elektromagnetycznej zapraszaj\u0105 do nadsy\u0142ania zg\u0142osze\u0144 interesuj\u0105cych, oryginalnych i przegl\u0105dowych prezentacji oraz referat\u00f3w naukowych zwi\u0105zanych z&nbsp;tematyk\u0105...","og_url":"https:\/\/warsztaty-emc.pwr.edu.pl\/2022\/dla-autorow\/","og_site_name":"Warsztaty EMC 2022","twitter_card":"summary_large_image","twitter_misc":{"Szacowany czas czytania":"1 minuta"},"schema":{"@context":"https:\/\/schema.org","@graph":[{"@type":"WebPage","@id":"https:\/\/warsztaty-emc.pwr.edu.pl\/2022\/dla-autorow\/","url":"https:\/\/warsztaty-emc.pwr.edu.pl\/2022\/dla-autorow\/","name":"Informacj\u0119 dla autor\u00f3w - Warsztaty EMC 2022","isPartOf":{"@id":"https:\/\/warsztaty-emc.pwr.edu.pl\/2022\/#website"},"datePublished":"2022-04-08T13:06:15+00:00","breadcrumb":{"@id":"https:\/\/warsztaty-emc.pwr.edu.pl\/2022\/dla-autorow\/#breadcrumb"},"inLanguage":"pl-PL","potentialAction":[{"@type":"ReadAction","target":["https:\/\/warsztaty-emc.pwr.edu.pl\/2022\/dla-autorow\/"]}]},{"@type":"BreadcrumbList","@id":"https:\/\/warsztaty-emc.pwr.edu.pl\/2022\/dla-autorow\/#breadcrumb","itemListElement":[{"@type":"ListItem","position":1,"name":"Strona g\u0142\u00f3wna","item":"https:\/\/warsztaty-emc.pwr.edu.pl\/2022\/"},{"@type":"ListItem","position":2,"name":"Informacj\u0119 dla autor\u00f3w"}]},{"@type":"WebSite","@id":"https:\/\/warsztaty-emc.pwr.edu.pl\/2022\/#website","url":"https:\/\/warsztaty-emc.pwr.edu.pl\/2022\/","name":"Warsztaty EMC 2022","description":"XIII Krajowe Warsztaty EMC","publisher":{"@id":"https:\/\/warsztaty-emc.pwr.edu.pl\/2022\/#organization"},"potentialAction":[{"@type":"SearchAction","target":{"@type":"EntryPoint","urlTemplate":"https:\/\/warsztaty-emc.pwr.edu.pl\/2022\/?s={search_term_string}"},"query-input":{"@type":"PropertyValueSpecification","valueRequired":true,"valueName":"search_term_string"}}],"inLanguage":"pl-PL"},{"@type":"Organization","@id":"https:\/\/warsztaty-emc.pwr.edu.pl\/2022\/#organization","name":"Warsztaty EMC 2022","url":"https:\/\/warsztaty-emc.pwr.edu.pl\/2022\/","logo":{"@type":"ImageObject","inLanguage":"pl-PL","@id":"https:\/\/warsztaty-emc.pwr.edu.pl\/2022\/#\/schema\/logo\/image\/","url":"https:\/\/warsztaty-emc.pwr.edu.pl\/2022\/wp-content\/uploads\/sites\/3\/2026\/02\/logo-odnowione_wieksze.png","contentUrl":"https:\/\/warsztaty-emc.pwr.edu.pl\/2022\/wp-content\/uploads\/sites\/3\/2026\/02\/logo-odnowione_wieksze.png","width":460,"height":50,"caption":"Warsztaty EMC 2022"},"image":{"@id":"https:\/\/warsztaty-emc.pwr.edu.pl\/2022\/#\/schema\/logo\/image\/"}}]}},"_links":{"self":[{"href":"https:\/\/warsztaty-emc.pwr.edu.pl\/2022\/wp-json\/wp\/v2\/pages\/659","targetHints":{"allow":["GET"]}}],"collection":[{"href":"https:\/\/warsztaty-emc.pwr.edu.pl\/2022\/wp-json\/wp\/v2\/pages"}],"about":[{"href":"https:\/\/warsztaty-emc.pwr.edu.pl\/2022\/wp-json\/wp\/v2\/types\/page"}],"author":[{"embeddable":true,"href":"https:\/\/warsztaty-emc.pwr.edu.pl\/2022\/wp-json\/wp\/v2\/users\/1"}],"replies":[{"embeddable":true,"href":"https:\/\/warsztaty-emc.pwr.edu.pl\/2022\/wp-json\/wp\/v2\/comments?post=659"}],"version-history":[{"count":0,"href":"https:\/\/warsztaty-emc.pwr.edu.pl\/2022\/wp-json\/wp\/v2\/pages\/659\/revisions"}],"wp:attachment":[{"href":"https:\/\/warsztaty-emc.pwr.edu.pl\/2022\/wp-json\/wp\/v2\/media?parent=659"}],"curies":[{"name":"wp","href":"https:\/\/api.w.org\/{rel}","templated":true}]}}