{"id":154,"date":"2022-03-17T15:31:58","date_gmt":"2022-03-17T14:31:58","guid":{"rendered":"http:\/\/localhost\/wordpress\/?page_id=154"},"modified":"2026-02-18T10:26:54","modified_gmt":"2026-02-18T09:26:54","slug":"dla-uczestnikow","status":"publish","type":"page","link":"https:\/\/warsztaty-emc.pwr.edu.pl\/2024\/dla-uczestnikow\/","title":{"rendered":"Informacje dla uczestnik\u00f3w"},"content":{"rendered":"\n<h2 class=\"wp-block-heading\">Uwaga! Jeste\u015b na archiwalnej stronie Warsztaty EMC, zawieraj\u0105cej informacje dotycz\u0105ce poprzednich edycji.<\/h2>\n\n\n\n<div class=\"wp-block-group is-layout-constrained wp-block-group-is-layout-constrained\">\n<p>Podczas XIV Krajowych Warsztat\u00f3w EMC przewidziano prezentacje referat\u00f3w szkoleniowych, warsztatowych i naukowych po\u015bwi\u0119conych problematyce kompatybilno\u015bci elektromagnetycznej, gospodarce widmem elektromagnetycznym oraz zagadnieniom zwi\u0105zanym z pomiarem p\u00f3l EM w odniesieniu do ochrony \u015brodowiska i bezpiecze\u0144stwa pracy.<\/p>\n\n\n\n<p> Uczestnik\u00f3w naszej konferencji zapraszamy do odwiedzenia wystawy technicznej towarzysz\u0105cej Warsztatom EMC, kt\u00f3ra zostanie zorganizowana w pobli\u017cu sal konferencyjnych.<\/p>\n\n\n\n<p>Podczas konferencji organizowane s\u0105 r\u00f3wnie\u017c badania bieg\u0142o\u015bci (PT\/ILC), o szczeg\u00f3\u0142ach mo\u017cna przeczyta\u0107 na stronie <a href=\"https:\/\/warsztaty-emc.pwr.edu.pl\/2024\/badania-porownawcze\/\"><strong>Badania bieg\u0142o\u015bci (PT\/ILC)<\/strong><\/a>. W badaniach mog\u0105 wzi\u0105\u0107 udzia\u0142 wy\u0142\u0105cznie uczestnicy Warsztat\u00f3w (wykupiony przynajmniej pakiet uczestnika jednodniowego).<\/p>\n\n\n\n<p>Zapraszamy do udzia\u0142u w Warsztatach EMC.<\/p>\n\n\n\n<p class=\"has-medium-font-size\"><strong>Warunkiem uczestnictwa w konferencji jest wype\u0142nienie formularza rejestracyjnego <a href=\"https:\/\/warsztaty-emc.pwr.edu.pl\/rejestracja\/\"><\/a>i dokonanie op\u0142aty konferencyjnej. Koszty uczestnictwa przedstawiono poni\u017cej.<\/strong><\/p>\n<\/div>\n\n\n\n<div style=\"height:35px\" aria-hidden=\"true\" class=\"wp-block-spacer\"><\/div>\n\n\n\n<div class=\"wp-block-group is-layout-constrained wp-block-group-is-layout-constrained\">\n<h2 class=\"wp-block-heading\" id=\"koszty\"><strong>Koszt uczestnictwa w Warsztatach EMC<\/strong><\/h2>\n\n\n<div class=\"wp-block-ub-tabbed-content wp-block-ub-tabbed-content-holder alignwide wp-block-ub-tabbed-content-horizontal-holder-mobile wp-block-ub-tabbed-content-horizontal-holder-tablet\" id=\"ub-tabbed-content-a2c60db7-f9fd-4cb7-90d6-71f9bcceb738\" style=\"\">\n\t\t\t<div class=\"wp-block-ub-tabbed-content-tab-holder horizontal-tab-width-mobile horizontal-tab-width-tablet\">\n\t\t\t\t<div role=\"tablist\" class=\"wp-block-ub-tabbed-content-tabs-title wp-block-ub-tabbed-content-tabs-title-mobile-horizontal-tab wp-block-ub-tabbed-content-tabs-title-tablet-horizontal-tab\" style=\"justify-content: center; \"><div role=\"tab\" id=\"ub-tabbed-content-a2c60db7-f9fd-4cb7-90d6-71f9bcceb738-tab-0\" aria-controls=\"ub-tabbed-content-a2c60db7-f9fd-4cb7-90d6-71f9bcceb738-panel-0\" aria-selected=\"false\" class=\"wp-block-ub-tabbed-content-tab-title-wrap\" style=\"--ub-tabbed-active-title-color: inherit; --ub-tabbed-active-title-background-color: var(--colorMain2); text-align: center; \" tabindex=\"-1\">\n\t\t\t\t<div class=\"wp-block-ub-tabbed-content-tab-title\"><strong>Do 10 maja 2024<\/strong><\/div>\n\t\t\t<\/div><div role=\"tab\" id=\"ub-tabbed-content-a2c60db7-f9fd-4cb7-90d6-71f9bcceb738-tab-1\" aria-controls=\"ub-tabbed-content-a2c60db7-f9fd-4cb7-90d6-71f9bcceb738-panel-1\" aria-selected=\"true\" class=\"wp-block-ub-tabbed-content-tab-title-wrap active\" style=\"--ub-tabbed-title-background-color: var(--colorMain2); --ub-tabbed-active-title-color: inherit; --ub-tabbed-active-title-background-color: var(--colorMain2); text-align: center; \" tabindex=\"-1\">\n\t\t\t\t<div class=\"wp-block-ub-tabbed-content-tab-title\"><strong>Po 10 maja 2024<\/strong><\/div>\n\t\t\t<\/div><\/div>\n\t\t\t<\/div>\n\t\t\t<div class=\"wp-block-ub-tabbed-content-tabs-content\" style=\"\"><div role=\"tabpanel\" class=\"wp-block-ub-tabbed-content-tab-content-wrap ub-hide\" id=\"ub-tabbed-content-a2c60db7-f9fd-4cb7-90d6-71f9bcceb738-panel-0\" aria-labelledby=\"ub-tabbed-content-a2c60db7-f9fd-4cb7-90d6-71f9bcceb738-tab-0\" tabindex=\"0\">\n\n<div class=\"wp-block-group is-layout-constrained wp-container-core-group-is-layout-8cd669b9 wp-block-group-is-layout-constrained\" style=\"padding-right:var(--wp--preset--spacing--40);padding-left:var(--wp--preset--spacing--40)\"><h2 id=\"tablepress-2-name\" class=\"tablepress-table-name tablepress-table-name-id-2\"><h3><strong>Cennik obowi\u0105zuj\u0105cy do 10 maja 2024<\/strong><\/h3><\/h2>\n\n<table id=\"tablepress-2\" class=\"tablepress tablepress-id-2 centrowanie\" aria-labelledby=\"tablepress-2-name\">\n<thead>\n<tr class=\"row-1\">\n\t<th class=\"column-1\"><h3><strong> <font color=\"black\">Nazwa pakietu <\/font><\/strong><\/h3><\/th><th class=\"column-2\"><h3><font color=\"black\"><strong>Cena <\/font> <\/strong><\/h3><\/th><th class=\"column-3\"><h4><font color=\"black\"><strong>W cenie pakietu <\/font><\/strong><\/h4><\/th>\n<\/tr>\n<\/thead>\n<tbody class=\"row-striping row-hover\">\n<tr class=\"row-2\">\n\t<td class=\"column-1\"><h3><strong><font color=\"#8b572a\">Pakiet<br \/>\nuczestnika <\/font><\/strong><\/h3><\/td><td class=\"column-2\"><h3><strong><font color=\"#8b572a\">2100 z\u0142<\/font><\/strong><\/h3><\/td><td class=\"column-3\"><ol><li>materia\u0142y konferencyjne<\/li>  <li>posi\u0142ki w przerwach obiadowych<\/li>  <li>dost\u0119p do kawy, herbaty oraz zimnych napoj\u00f3w podczas zaplanowanych \"przerw kawowych\u201d<\/li>  <li>bilety na kolacje kole\u017ce\u0144skie:<\/li>  <ul style=\"list-style-type: disc;\"><li>w dniach 26 i 27 czerwca 2024 r. <\/li><\/ul><\/ol><\/td>\n<\/tr>\n<tr class=\"row-3\">\n\t<td class=\"column-1\"><h3><strong><font color=\"#4a4a4a\">Pakiet<br \/>\nprelegenta <\/font><\/strong><\/h3><\/td><td class=\"column-2\"><h3><strong><font color=\"#4a4a4a\">1800 z\u0142<\/font><\/strong><\/h3><\/td><td class=\"column-3\"><ol><li>materia\u0142y konferencyjne<\/li>  <li>posi\u0142ki w przerwach obiadowych<\/li>  <li>dost\u0119p do kawy, herbaty oraz zimnych napoj\u00f3w podczas zaplanowanych \"przerw kawowych\u201d<\/li>  <li>bilety na kolacje kole\u017ce\u0144skie:<\/li>  <ul style=\"list-style-type: disc;\"><li>w dniach 26 i 27 czerwca 2024 r. <\/li><\/ul><\/ol><\/td>\n<\/tr>\n<tr class=\"row-4\">\n\t<td class=\"column-1\"><h3><strong><font color=\"#4a5568\">Pakiet<br \/>\njednodniowy<\/font><\/strong><\/h3><\/td><td class=\"column-2\"><h3><strong><font color=\"#4a5568\">1400 z\u0142<\/font><\/strong><\/h3><\/td><td class=\"column-3\"><ol><li>materia\u0142y konferencyjne<\/li>  <li>posi\u0142ki w przerwach obiadowych<\/li> <ul style=\"list-style-type: disc;\"><li>w wybranym dniu uczestnictwa: 26 lub 27 czerwca 2024 r. <\/li><\/ul><li>dost\u0119p do kawy, herbaty oraz zimnych napoj\u00f3w podczas zaplanowanych \"przerw kawowych\u201d<\/li> <ul style=\"list-style-type: disc;\"><li>w wybranym dniu uczestnictwa: 26 lub 27 czerwca 2024 r. <\/li><\/ul>  <li>bilety na kolacje kole\u017ce\u0144skie:<\/li>  <ul style=\"list-style-type: disc;\"><li>w wybranym dniu: 26 lub 27 czerwca 2024 r. <\/li><\/ul><\/ol><\/td>\n<\/tr>\n<tr class=\"row-5\">\n\t<td class=\"column-1\"><h3><strong><font color=\"#a26e40\">Pakiet<br \/>\nstudenta\/doktoranta*<\/font><\/strong><\/h3>*wymagane jest przes\u0142anie skanu wa\u017cnej legitymacji (obu stron) na adres mailowy: <a href=\"mailto:recepcja-emc@pwr.edu.pl\"><strong>recepcja-emc@pwr.edu.pl<\/strong><\/a><\/td><td class=\"column-2\"><h3><strong><font color=\"#a26e40\">1600 z\u0142<\/font><\/strong><\/h3><\/td><td class=\"column-3\"><ol><li>materia\u0142y konferencyjne<\/li>  <li>posi\u0142ki w przerwach obiadowych<\/li>  <li>dost\u0119p do kawy, herbaty oraz zimnych napoj\u00f3w podczas zaplanowanych \"\"przerw kawowych\u201d<\/li><\/td>\n<\/tr>\n<\/tbody>\n<\/table>\n<!-- #tablepress-2 from cache -->\n\n\n<h2 id=\"tablepress-4-name\" class=\"tablepress-table-name tablepress-table-name-id-4\"><h3>Zaproszenie na kolacj\u0119 kole\u017ce\u0144sk\u0105 dla uczestnika (gdy nie zawarte w wybranym pakiecie) lub dla osoby towarzysz\u0105cej <\/h3><\/h2>\n\n<table id=\"tablepress-4\" class=\"tablepress tablepress-id-4\" aria-labelledby=\"tablepress-4-name\">\n<thead>\n<tr class=\"row-1\">\n\t<th class=\"column-1\"><h3><strong> <font color=\"black\">W dniu: <\/font><\/strong><\/h3><\/th><th class=\"column-2\"><h3><strong> <font color=\"black\">Cena<\/font><\/strong><\/h3><\/th>\n<\/tr>\n<\/thead>\n<tbody class=\"row-striping row-hover\">\n<tr class=\"row-2\">\n\t<td class=\"column-1\"><h3><strong><font color=\"#8b572a\">26.06.2024 <\/font><\/strong><\/h3><\/td><td class=\"column-2\"><h3><strong><font color=\"#8b572a\">200 z\u0142<\/font><\/strong><\/h3><\/td>\n<\/tr>\n<tr class=\"row-3\">\n\t<td class=\"column-1\"><h3><strong><font color=\"#8b572a\">27.06.2024<\/font><\/strong><\/h3><\/td><td class=\"column-2\"><h3><strong><font color=\"#8b572a\">275 z\u0142<\/font><\/strong><\/h3><\/td>\n<\/tr>\n<\/tbody>\n<\/table>\n<!-- #tablepress-4 from cache -->\n<\/div>\n\n<\/div><div role=\"tabpanel\" class=\"wp-block-ub-tabbed-content-tab-content-wrap active\" id=\"ub-tabbed-content-a2c60db7-f9fd-4cb7-90d6-71f9bcceb738-panel-1\" aria-labelledby=\"ub-tabbed-content-a2c60db7-f9fd-4cb7-90d6-71f9bcceb738-tab-1\" tabindex=\"0\">\n\n<div class=\"wp-block-group is-layout-constrained wp-container-core-group-is-layout-8cd669b9 wp-block-group-is-layout-constrained\" style=\"padding-right:var(--wp--preset--spacing--40);padding-left:var(--wp--preset--spacing--40)\"><h2 id=\"tablepress-3-name\" class=\"tablepress-table-name tablepress-table-name-id-3\"><h3><strong>Cennik obowi\u0105zuj\u0105cy po 10 maja 2024<\/strong><\/h3><\/h2>\n\n<table id=\"tablepress-3\" class=\"tablepress tablepress-id-3 centrowanie\" aria-labelledby=\"tablepress-3-name\">\n<thead>\n<tr class=\"row-1\">\n\t<th class=\"column-1\"><h3><strong> <font color=\"black\">Nazwa pakietu <\/font><\/strong><\/h3><\/th><th class=\"column-2\"><h3><font color=\"black\"><strong>Cena <\/font> <\/strong><\/h3><\/th><th class=\"column-3\"><h4><font color=\"black\"><strong>W cenie pakietu <\/font><\/strong><\/h4><\/th>\n<\/tr>\n<\/thead>\n<tbody class=\"row-striping row-hover\">\n<tr class=\"row-2\">\n\t<td class=\"column-1\"><h3><strong><font color=\"#8b572a\">Pakiet<br \/>\nuczestnika <\/font><\/strong><\/h3><\/td><td class=\"column-2\"><h3><strong><font color=\"#8b572a\">2300 z\u0142<\/font><\/strong><\/h3><\/td><td class=\"column-3\"><ol><li>materia\u0142y konferencyjne<\/li>  <li>posi\u0142ki w przerwach obiadowych<\/li>  <li>dost\u0119p do kawy, herbaty oraz zimnych napoj\u00f3w podczas zaplanowanych \"przerw kawowych\u201d<\/li>  <li>bilety na kolacje kole\u017ce\u0144skie:<\/li>  <ul style=\"list-style-type: disc;\"><li>w dniach 26 i 27 czerwca 2024 r. <\/li><\/ul><\/ol><\/td>\n<\/tr>\n<tr class=\"row-3\">\n\t<td class=\"column-1\"><h3><strong><font color=\"#4a4a4a\">Pakiet<br \/>\nprelegenta <\/font><\/strong><\/h3><\/td><td class=\"column-2\"><h3><strong><font color=\"#4a4a4a\">1800 z\u0142<\/font><\/strong><\/h3><\/td><td class=\"column-3\"><ol><li>materia\u0142y konferencyjne<\/li>  <li>posi\u0142ki w przerwach obiadowych<\/li>  <li>dost\u0119p do kawy, herbaty oraz zimnych napoj\u00f3w podczas zaplanowanych \"przerw kawowych\u201d<\/li>  <li>bilety na kolacje kole\u017ce\u0144skie:<\/li>  <ul style=\"list-style-type: disc;\"><li>w dniach 26 i 27 czerwca 2024 r. <\/li><\/ul><\/ol><\/td>\n<\/tr>\n<tr class=\"row-4\">\n\t<td class=\"column-1\"><h3><strong><font color=\"#4a5568\">Pakiet<br \/>\njednodniowy<\/font><\/strong><\/h3><\/td><td class=\"column-2\"><h3><strong><font color=\"#4a5568\">1600 z\u0142<\/font><\/strong><\/h3><\/td><td class=\"column-3\"><ol><li>materia\u0142y konferencyjne<\/li>  <li>posi\u0142ki w przerwach obiadowych<\/li> <ul style=\"list-style-type: disc;\"><li>w wybranym dniu uczestnictwa: 26 lub 27 czerwca 2024 r. <\/li><\/ul><li>dost\u0119p do kawy, herbaty oraz zimnych napoj\u00f3w podczas zaplanowanych \"przerw kawowych\u201d<\/li> <ul style=\"list-style-type: disc;\"><li>w wybranym dniu uczestnictwa: 26 lub 27 czerwca 2024 r. <\/li><\/ul>  <li>bilety na kolacje kole\u017ce\u0144skie:<\/li>  <ul style=\"list-style-type: disc;\"><li>w wybranym dniu: 26 lub 27 czerwca 2024 r. <\/li><\/ul><\/ol><\/td>\n<\/tr>\n<tr class=\"row-5\">\n\t<td class=\"column-1\"><h3><strong><font color=\"#a26e40\">Pakiet<br \/>\nstudenta\/doktoranta*<\/font><\/strong><\/h3>*wymagane jest przes\u0142anie skanu wa\u017cnej legitymacji (obu stron) na adres mailowy: <a href=\"mailto:recepcja-emc@pwr.edu.pl\"><strong>recepcja-emc@pwr.edu.pl<\/strong><\/a><\/td><td class=\"column-2\"><h3><strong><font color=\"#a26e40\">1600 z\u0142<\/font><\/strong><\/h3><\/td><td class=\"column-3\"><ol><li>materia\u0142y konferencyjne<\/li>  <li>posi\u0142ki w przerwach obiadowych<\/li>  <li>dost\u0119p do kawy, herbaty oraz zimnych napoj\u00f3w podczas zaplanowanych \"przerw kawowych\u201d<\/li><\/td>\n<\/tr>\n<\/tbody>\n<\/table>\n<!-- #tablepress-3 from cache -->\n\n\n<h2 id=\"tablepress-5-name\" class=\"tablepress-table-name tablepress-table-name-id-5\"><h3>Zaproszenie na kolacj\u0119 kole\u017ce\u0144sk\u0105 dla uczestnika (gdy nie zawarte w wybranym pakiecie) lub dla osoby towarzysz\u0105cej<\/h3><\/h2>\n\n<table id=\"tablepress-5\" class=\"tablepress tablepress-id-5\" aria-labelledby=\"tablepress-5-name\">\n<thead>\n<tr class=\"row-1\">\n\t<th class=\"column-1\"><h3><strong> <font color=\"black\">W dniu: <\/font><\/strong><\/h3><\/th><th class=\"column-2\"><h3><strong> <font color=\"black\">Cena<\/font><\/strong><\/h3><\/th>\n<\/tr>\n<\/thead>\n<tbody class=\"row-striping row-hover\">\n<tr class=\"row-2\">\n\t<td class=\"column-1\"><h3><strong><font color=\"#8b572a\">26.06.2024 <\/font><\/strong><\/h3><\/td><td class=\"column-2\"><h3><strong><font color=\"#8b572a\">225 z\u0142<\/font><\/strong><\/h3><\/td>\n<\/tr>\n<tr class=\"row-3\">\n\t<td class=\"column-1\"><h3><strong><font color=\"#8b572a\">27.06.2024<\/font><\/strong><\/h3><\/td><td class=\"column-2\"><h3><strong><font color=\"#8b572a\">300 z\u0142<\/font><\/strong><\/h3><\/td>\n<\/tr>\n<\/tbody>\n<\/table>\n<!-- #tablepress-5 from cache -->\n<\/div>\n\n<\/div><\/div>\n\t\t<\/div><\/div>\n\n\n\n<div class=\"wp-block-group is-layout-constrained wp-block-group-is-layout-constrained\">\n<h2 class=\"wp-block-heading\"><strong>Dodatkowy koszt uczestnictwa w badaniach bieg\u0142o\u015bci (PT\/ILC)<\/strong><\/h2>\n\n\n\n<div class=\"wp-block-group is-layout-constrained wp-container-core-group-is-layout-990f8f10 wp-block-group-is-layout-constrained\" style=\"min-height:0px\"><h2 id=\"tablepress-6-name\" class=\"tablepress-table-name tablepress-table-name-id-6\">Koszt dla bada\u0144 mi\u0119dzylaboratoryjnych, kt\u00f3ry nale\u017cy doliczy\u0107 do ceny wybranego  <a href=\"#koszty\"><strong>pakietu uczestnictwa w Warsztatach<\/strong><\/a><\/h2>\n\n<table id=\"tablepress-6\" class=\"tablepress tablepress-id-6\" aria-labelledby=\"tablepress-6-name\">\n<thead>\n<tr class=\"row-1\">\n\t<th class=\"column-1\"><h3><strong> <font color=\"black\">Typ por\u00f3wnania mi\u0119dzylaboratoryjnego<\/font><\/strong><\/h3><\/th><th class=\"column-2\"><h3><strong> <font color=\"black\">Cena<\/font><\/strong><\/h3><\/th>\n<\/tr>\n<\/thead>\n<tbody class=\"row-striping row-hover\">\n<tr class=\"row-2\">\n\t<td class=\"column-1\"><h3><strong><font color=\"#8b572a\">Radio \u2013 selektywne lub szerokopasmowe <\/font><\/strong><\/h3><\/td><td class=\"column-2\"><h3><strong><font color=\"#8b572a\">990 z\u0142<\/font><\/strong><\/h3><\/td>\n<\/tr>\n<tr class=\"row-3\">\n\t<td class=\"column-1\"><h3><strong><font color=\"#8b572a\">Radio \u2013 selektywne i szerokopasmowe<\/font><\/strong><\/h3><\/td><td class=\"column-2\"><h3><strong><font color=\"#8b572a\">1550 z\u0142<\/font><\/strong><\/h3><\/td>\n<\/tr>\n<tr class=\"row-4\">\n\t<td class=\"column-1\"><h3><strong><font color=\"#8b572a\">Spawarka<\/font><\/strong><\/h3><\/td><td class=\"column-2\"><h3><strong><font color=\"#8b572a\">990 z\u0142<\/font><\/strong><\/h3><\/td>\n<\/tr>\n<\/tbody>\n<\/table>\n<!-- #tablepress-6 from cache -->\n<\/div>\n<\/div>\n\n\n\n<div class=\"wp-block-group is-layout-constrained wp-block-group-is-layout-constrained\">\n<h2 class=\"wp-block-heading\"><strong>Dane do przelewu<\/strong><\/h2>\n\n\n\n<p>Bank: Santander Bank Polska S.A.\/33 Oddzia\u0142 Wroc\u0142aw<br>nr konta: PL37 1090 2402 0000 0006 1000 0434<br>SWIFT: WBKPPLPPXXX (dla uczestnik\u00f3w z zagranicy) &#8211; <strong><mark style=\"background-color:rgba(0, 0, 0, 0);color:#cb0000\" class=\"has-inline-color\">wp\u0142aty nale\u017cy dokona\u0107 w PLN \/ payments must be made in PLN<\/mark><\/strong><br>tytu\u0142 przelewu: XIV Warsztaty Kompatybilno\u015bci Elektromagnetycznej 2024, numer zg\u0142oszenia<\/p>\n<\/div>\n\n\n\n<p><\/p>\n","protected":false},"excerpt":{"rendered":"<p>Uwaga! Jeste\u015b na archiwalnej stronie Warsztaty EMC, zawieraj\u0105cej informacje dotycz\u0105ce poprzednich edycji. Podczas XIV Krajowych Warsztat\u00f3w EMC przewidziano prezentacje referat\u00f3w<span class=\"more-dots\">&#8230;<\/span><\/p>\n","protected":false},"author":1,"featured_media":0,"parent":0,"menu_order":0,"comment_status":"closed","ping_status":"closed","template":"","meta":{"footnotes":""},"class_list":["post-154","page","type-page","status-publish","hentry","no-post-thumbnail"],"featured_image_src":null,"yoast_head":"<!-- This site is optimized with the Yoast SEO plugin v27.3 - https:\/\/yoast.com\/product\/yoast-seo-wordpress\/ -->\n<title>Informacje dla uczestnik\u00f3w - Warsztaty EMC 2024<\/title>\n<meta name=\"description\" content=\"sprwadz koszty i tematyk\u0119 tegorocznych Warsztat\u00f3w EMC\" \/>\n<meta name=\"robots\" content=\"index, follow, max-snippet:-1, max-image-preview:large, max-video-preview:-1\" \/>\n<link rel=\"canonical\" href=\"https:\/\/warsztaty-emc.pwr.edu.pl\/2024\/dla-uczestnikow\/\" \/>\n<meta property=\"og:locale\" content=\"pl_PL\" \/>\n<meta property=\"og:type\" content=\"article\" \/>\n<meta property=\"og:title\" content=\"Informacje dla uczestnik\u00f3w - Warsztaty EMC 2024\" \/>\n<meta property=\"og:description\" content=\"sprwadz koszty i tematyk\u0119 tegorocznych Warsztat\u00f3w EMC\" \/>\n<meta property=\"og:url\" content=\"https:\/\/warsztaty-emc.pwr.edu.pl\/2024\/dla-uczestnikow\/\" \/>\n<meta property=\"og:site_name\" content=\"Warsztaty EMC 2024\" \/>\n<meta property=\"article:modified_time\" content=\"2026-02-18T09:26:54+00:00\" \/>\n<meta name=\"twitter:card\" content=\"summary_large_image\" \/>\n<meta name=\"twitter:label1\" content=\"Szacowany czas czytania\" \/>\n\t<meta name=\"twitter:data1\" content=\"2 minuty\" \/>\n<script type=\"application\/ld+json\" class=\"yoast-schema-graph\">{\"@context\":\"https:\\\/\\\/schema.org\",\"@graph\":[{\"@type\":\"WebPage\",\"@id\":\"https:\\\/\\\/warsztaty-emc.pwr.edu.pl\\\/2024\\\/dla-uczestnikow\\\/\",\"url\":\"https:\\\/\\\/warsztaty-emc.pwr.edu.pl\\\/2024\\\/dla-uczestnikow\\\/\",\"name\":\"Informacje dla uczestnik\u00f3w - Warsztaty EMC 2024\",\"isPartOf\":{\"@id\":\"https:\\\/\\\/warsztaty-emc.pwr.edu.pl\\\/2024\\\/#website\"},\"datePublished\":\"2022-03-17T14:31:58+00:00\",\"dateModified\":\"2026-02-18T09:26:54+00:00\",\"description\":\"sprwadz koszty i tematyk\u0119 tegorocznych Warsztat\u00f3w EMC\",\"breadcrumb\":{\"@id\":\"https:\\\/\\\/warsztaty-emc.pwr.edu.pl\\\/2024\\\/dla-uczestnikow\\\/#breadcrumb\"},\"inLanguage\":\"pl-PL\",\"potentialAction\":[{\"@type\":\"ReadAction\",\"target\":[\"https:\\\/\\\/warsztaty-emc.pwr.edu.pl\\\/2024\\\/dla-uczestnikow\\\/\"]}]},{\"@type\":\"BreadcrumbList\",\"@id\":\"https:\\\/\\\/warsztaty-emc.pwr.edu.pl\\\/2024\\\/dla-uczestnikow\\\/#breadcrumb\",\"itemListElement\":[{\"@type\":\"ListItem\",\"position\":1,\"name\":\"Strona g\u0142\u00f3wna\",\"item\":\"https:\\\/\\\/warsztaty-emc.pwr.edu.pl\\\/2024\\\/\"},{\"@type\":\"ListItem\",\"position\":2,\"name\":\"Informacje dla uczestnik\u00f3w\"}]},{\"@type\":\"WebSite\",\"@id\":\"https:\\\/\\\/warsztaty-emc.pwr.edu.pl\\\/2024\\\/#website\",\"url\":\"https:\\\/\\\/warsztaty-emc.pwr.edu.pl\\\/2024\\\/\",\"name\":\"Warsztaty EMC 2024\",\"description\":\"XIV Krajowe Warsztaty EMC\",\"publisher\":{\"@id\":\"https:\\\/\\\/warsztaty-emc.pwr.edu.pl\\\/2024\\\/#organization\"},\"potentialAction\":[{\"@type\":\"SearchAction\",\"target\":{\"@type\":\"EntryPoint\",\"urlTemplate\":\"https:\\\/\\\/warsztaty-emc.pwr.edu.pl\\\/2024\\\/?s={search_term_string}\"},\"query-input\":{\"@type\":\"PropertyValueSpecification\",\"valueRequired\":true,\"valueName\":\"search_term_string\"}}],\"inLanguage\":\"pl-PL\"},{\"@type\":\"Organization\",\"@id\":\"https:\\\/\\\/warsztaty-emc.pwr.edu.pl\\\/2024\\\/#organization\",\"name\":\"Warsztaty EMC 2024\",\"url\":\"https:\\\/\\\/warsztaty-emc.pwr.edu.pl\\\/2024\\\/\",\"logo\":{\"@type\":\"ImageObject\",\"inLanguage\":\"pl-PL\",\"@id\":\"https:\\\/\\\/warsztaty-emc.pwr.edu.pl\\\/2024\\\/#\\\/schema\\\/logo\\\/image\\\/\",\"url\":\"https:\\\/\\\/warsztaty-emc.pwr.edu.pl\\\/2024\\\/wp-content\\\/uploads\\\/sites\\\/7\\\/2026\\\/02\\\/logo-odnowione_wieksze.png\",\"contentUrl\":\"https:\\\/\\\/warsztaty-emc.pwr.edu.pl\\\/2024\\\/wp-content\\\/uploads\\\/sites\\\/7\\\/2026\\\/02\\\/logo-odnowione_wieksze.png\",\"width\":460,\"height\":50,\"caption\":\"Warsztaty EMC 2024\"},\"image\":{\"@id\":\"https:\\\/\\\/warsztaty-emc.pwr.edu.pl\\\/2024\\\/#\\\/schema\\\/logo\\\/image\\\/\"}}]}<\/script>\n<!-- \/ Yoast SEO plugin. -->","yoast_head_json":{"title":"Informacje dla uczestnik\u00f3w - Warsztaty EMC 2024","description":"sprwadz koszty i tematyk\u0119 tegorocznych Warsztat\u00f3w EMC","robots":{"index":"index","follow":"follow","max-snippet":"max-snippet:-1","max-image-preview":"max-image-preview:large","max-video-preview":"max-video-preview:-1"},"canonical":"https:\/\/warsztaty-emc.pwr.edu.pl\/2024\/dla-uczestnikow\/","og_locale":"pl_PL","og_type":"article","og_title":"Informacje dla uczestnik\u00f3w - Warsztaty EMC 2024","og_description":"sprwadz koszty i tematyk\u0119 tegorocznych Warsztat\u00f3w EMC","og_url":"https:\/\/warsztaty-emc.pwr.edu.pl\/2024\/dla-uczestnikow\/","og_site_name":"Warsztaty EMC 2024","article_modified_time":"2026-02-18T09:26:54+00:00","twitter_card":"summary_large_image","twitter_misc":{"Szacowany czas czytania":"2 minuty"},"schema":{"@context":"https:\/\/schema.org","@graph":[{"@type":"WebPage","@id":"https:\/\/warsztaty-emc.pwr.edu.pl\/2024\/dla-uczestnikow\/","url":"https:\/\/warsztaty-emc.pwr.edu.pl\/2024\/dla-uczestnikow\/","name":"Informacje dla uczestnik\u00f3w - Warsztaty EMC 2024","isPartOf":{"@id":"https:\/\/warsztaty-emc.pwr.edu.pl\/2024\/#website"},"datePublished":"2022-03-17T14:31:58+00:00","dateModified":"2026-02-18T09:26:54+00:00","description":"sprwadz koszty i tematyk\u0119 tegorocznych Warsztat\u00f3w EMC","breadcrumb":{"@id":"https:\/\/warsztaty-emc.pwr.edu.pl\/2024\/dla-uczestnikow\/#breadcrumb"},"inLanguage":"pl-PL","potentialAction":[{"@type":"ReadAction","target":["https:\/\/warsztaty-emc.pwr.edu.pl\/2024\/dla-uczestnikow\/"]}]},{"@type":"BreadcrumbList","@id":"https:\/\/warsztaty-emc.pwr.edu.pl\/2024\/dla-uczestnikow\/#breadcrumb","itemListElement":[{"@type":"ListItem","position":1,"name":"Strona g\u0142\u00f3wna","item":"https:\/\/warsztaty-emc.pwr.edu.pl\/2024\/"},{"@type":"ListItem","position":2,"name":"Informacje dla uczestnik\u00f3w"}]},{"@type":"WebSite","@id":"https:\/\/warsztaty-emc.pwr.edu.pl\/2024\/#website","url":"https:\/\/warsztaty-emc.pwr.edu.pl\/2024\/","name":"Warsztaty EMC 2024","description":"XIV Krajowe Warsztaty EMC","publisher":{"@id":"https:\/\/warsztaty-emc.pwr.edu.pl\/2024\/#organization"},"potentialAction":[{"@type":"SearchAction","target":{"@type":"EntryPoint","urlTemplate":"https:\/\/warsztaty-emc.pwr.edu.pl\/2024\/?s={search_term_string}"},"query-input":{"@type":"PropertyValueSpecification","valueRequired":true,"valueName":"search_term_string"}}],"inLanguage":"pl-PL"},{"@type":"Organization","@id":"https:\/\/warsztaty-emc.pwr.edu.pl\/2024\/#organization","name":"Warsztaty EMC 2024","url":"https:\/\/warsztaty-emc.pwr.edu.pl\/2024\/","logo":{"@type":"ImageObject","inLanguage":"pl-PL","@id":"https:\/\/warsztaty-emc.pwr.edu.pl\/2024\/#\/schema\/logo\/image\/","url":"https:\/\/warsztaty-emc.pwr.edu.pl\/2024\/wp-content\/uploads\/sites\/7\/2026\/02\/logo-odnowione_wieksze.png","contentUrl":"https:\/\/warsztaty-emc.pwr.edu.pl\/2024\/wp-content\/uploads\/sites\/7\/2026\/02\/logo-odnowione_wieksze.png","width":460,"height":50,"caption":"Warsztaty EMC 2024"},"image":{"@id":"https:\/\/warsztaty-emc.pwr.edu.pl\/2024\/#\/schema\/logo\/image\/"}}]}},"_links":{"self":[{"href":"https:\/\/warsztaty-emc.pwr.edu.pl\/2024\/wp-json\/wp\/v2\/pages\/154","targetHints":{"allow":["GET"]}}],"collection":[{"href":"https:\/\/warsztaty-emc.pwr.edu.pl\/2024\/wp-json\/wp\/v2\/pages"}],"about":[{"href":"https:\/\/warsztaty-emc.pwr.edu.pl\/2024\/wp-json\/wp\/v2\/types\/page"}],"author":[{"embeddable":true,"href":"https:\/\/warsztaty-emc.pwr.edu.pl\/2024\/wp-json\/wp\/v2\/users\/1"}],"replies":[{"embeddable":true,"href":"https:\/\/warsztaty-emc.pwr.edu.pl\/2024\/wp-json\/wp\/v2\/comments?post=154"}],"version-history":[{"count":29,"href":"https:\/\/warsztaty-emc.pwr.edu.pl\/2024\/wp-json\/wp\/v2\/pages\/154\/revisions"}],"predecessor-version":[{"id":1932,"href":"https:\/\/warsztaty-emc.pwr.edu.pl\/2024\/wp-json\/wp\/v2\/pages\/154\/revisions\/1932"}],"wp:attachment":[{"href":"https:\/\/warsztaty-emc.pwr.edu.pl\/2024\/wp-json\/wp\/v2\/media?parent=154"}],"curies":[{"name":"wp","href":"https:\/\/api.w.org\/{rel}","templated":true}]}}