{"id":439,"date":"2022-03-30T14:22:18","date_gmt":"2022-03-30T12:22:18","guid":{"rendered":"https:\/\/warsztaty-emc.pwr.edu.pl\/?page_id=439"},"modified":"2026-02-18T11:51:02","modified_gmt":"2026-02-18T10:51:02","slug":"miejsce-organizacji-warsztatow","status":"publish","type":"page","link":"https:\/\/warsztaty-emc.pwr.edu.pl\/2024\/miejsce-organizacji-warsztatow\/","title":{"rendered":"Miejsce organizacji Warsztat\u00f3w"},"content":{"rendered":"\n<h2 class=\"wp-block-heading\">Budynek C-13 (<a href=\"https:\/\/maps.app.goo.gl\/sMkckWhVEirmTcTY8\"><strong>pinezka na Google Maps<\/strong><\/a>), Wyb. Wyspia\u0144skiego 23-25, 50-370 Wroc\u0142aw<\/h2>\n\n\n\n<div style=\"height:40px\" aria-hidden=\"true\" class=\"wp-block-spacer\"><\/div>\n\n\n\n<div class=\"wp-block-group is-layout-flow wp-block-group-is-layout-flow\">\n<h2 class=\"wp-block-heading\" id=\"0-interaktywna-mapa-kampusu-\">Informacje o kursowaniu komunikacji miejskiej<\/h2>\n\n\n\n<ul class=\"wp-block-list\">\n<li>do wyszukiwania po\u0142\u0105cze\u0144 i wskaz\u00f3wek dojazdu mo\u017cna skorzysta\u0107 z portalu <a href=\"https:\/\/jakdojade.pl\/wroclaw\"><strong>jakdojade.pl<\/strong><\/a><\/li>\n\n\n\n<li>pe\u0142en rozk\u0142ad ja\u017cdy komunikacji dost\u0119pny jest na stronie<strong> <a href=\"https:\/\/www.wroclaw.pl\/komunikacja\/rozklady-jazdy\" target=\"_blank\" rel=\"noreferrer noopener\">wroclaw.pl<\/a><\/strong><\/li>\n\n\n\n<li>aktualno\u015bci o zmianach w kursowaniu linii na <a href=\"https:\/\/mpk.wroc.pl\/strefa-pasazera\/zaplanuj-podroz\/zmiany-w-komunikacji\"><strong>stronie MPK Wroc\u0142aw<\/strong><\/a><\/li>\n<\/ul>\n<\/div>\n\n\n\n<div style=\"height:40px\" aria-hidden=\"true\" class=\"wp-block-spacer\"><\/div>\n\n\n\n<div class=\"wp-block-group is-layout-flow wp-block-group-is-layout-flow\">\n<h2 class=\"wp-block-heading\" id=\"0-interaktywna-mapa-kampusu-\">Interaktywna mapa i wirtualny spacer po kampusie<\/h2>\n\n\n\n<ul class=\"wp-block-list\">\n<li><a href=\"https:\/\/pwr.edu.pl\/uczelnia\/mapa-kampusu\" target=\"_blank\" rel=\"noreferrer noopener\">Interaktywna mapa kampusu<\/a><\/li>\n\n\n\n<li><a href=\"https:\/\/pwr.edu.pl\/uczelnia\/mapa-kampusu\" target=\"_blank\" rel=\"noreferrer noopener\"><a href=\"https:\/\/pwr.edu.pl\/uczelnia\/wirtualny-spacer\" target=\"_blank\" rel=\"noreferrer noopener\">Wirtualny spacer po kampusie PWr<\/a><\/a><\/li>\n\n\n\n<li><a href=\"https:\/\/warsztaty-emc.pwr.edu.pl\/2024\/wp-content\/uploads\/sites\/7\/2026\/02\/mapa_campus.jpg\">Mapa kampusu Politechniki Wroc\u0142\u0105wskiej z oznaczeniem budynk\u00f3w w formie obrazka<\/a><\/li>\n<\/ul>\n<\/div>\n\n\n\n<div style=\"height:40px\" aria-hidden=\"true\" class=\"wp-block-spacer\"><\/div>\n\n\n\n<p>Dodatkowe informacje o Wroc\u0142awiu, wydarzeniach kulturalnych, komunikacji oraz plan miasta dost\u0119pne s\u0105 na miejskim portalu internetowym&nbsp;<a href=\"https:\/\/www.wroclaw.pl\/\" target=\"_blank\" rel=\"noreferrer noopener\"><strong>www.wroclaw.pl<\/strong><\/a>.<\/p>\n","protected":false},"excerpt":{"rendered":"<p>Budynek C-13 (pinezka na Google Maps), Wyb. Wyspia\u0144skiego 23-25, 50-370 Wroc\u0142aw Informacje o kursowaniu komunikacji miejskiej Interaktywna mapa i wirtualny<span class=\"more-dots\">&#8230;<\/span><\/p>\n","protected":false},"author":1,"featured_media":0,"parent":0,"menu_order":0,"comment_status":"closed","ping_status":"closed","template":"","meta":{"footnotes":""},"class_list":["post-439","page","type-page","status-publish","hentry","no-post-thumbnail"],"featured_image_src":null,"yoast_head":"<!-- This site is optimized with the Yoast SEO plugin v27.3 - https:\/\/yoast.com\/product\/yoast-seo-wordpress\/ -->\n<title>Miejsce organizacji Warsztat\u00f3w - Warsztaty EMC 2024<\/title>\n<meta name=\"robots\" content=\"index, follow, max-snippet:-1, max-image-preview:large, max-video-preview:-1\" \/>\n<link rel=\"canonical\" href=\"https:\/\/warsztaty-emc.pwr.edu.pl\/2024\/miejsce-organizacji-warsztatow\/\" \/>\n<meta property=\"og:locale\" content=\"pl_PL\" \/>\n<meta property=\"og:type\" content=\"article\" \/>\n<meta property=\"og:title\" content=\"Miejsce organizacji Warsztat\u00f3w - Warsztaty EMC 2024\" \/>\n<meta property=\"og:description\" content=\"Budynek C-13 (pinezka na Google Maps), Wyb. Wyspia\u0144skiego 23-25, 50-370 Wroc\u0142aw Informacje o kursowaniu komunikacji miejskiej Interaktywna mapa i wirtualny...\" \/>\n<meta property=\"og:url\" content=\"https:\/\/warsztaty-emc.pwr.edu.pl\/2024\/miejsce-organizacji-warsztatow\/\" \/>\n<meta property=\"og:site_name\" content=\"Warsztaty EMC 2024\" \/>\n<meta property=\"article:modified_time\" content=\"2026-02-18T10:51:02+00:00\" \/>\n<meta name=\"twitter:card\" content=\"summary_large_image\" \/>\n<meta name=\"twitter:label1\" content=\"Szacowany czas czytania\" \/>\n\t<meta name=\"twitter:data1\" content=\"1 minuta\" \/>\n<script type=\"application\/ld+json\" class=\"yoast-schema-graph\">{\"@context\":\"https:\\\/\\\/schema.org\",\"@graph\":[{\"@type\":\"WebPage\",\"@id\":\"https:\\\/\\\/warsztaty-emc.pwr.edu.pl\\\/2024\\\/miejsce-organizacji-warsztatow\\\/\",\"url\":\"https:\\\/\\\/warsztaty-emc.pwr.edu.pl\\\/2024\\\/miejsce-organizacji-warsztatow\\\/\",\"name\":\"Miejsce organizacji Warsztat\u00f3w - Warsztaty EMC 2024\",\"isPartOf\":{\"@id\":\"https:\\\/\\\/warsztaty-emc.pwr.edu.pl\\\/2024\\\/#website\"},\"datePublished\":\"2022-03-30T12:22:18+00:00\",\"dateModified\":\"2026-02-18T10:51:02+00:00\",\"breadcrumb\":{\"@id\":\"https:\\\/\\\/warsztaty-emc.pwr.edu.pl\\\/2024\\\/miejsce-organizacji-warsztatow\\\/#breadcrumb\"},\"inLanguage\":\"pl-PL\",\"potentialAction\":[{\"@type\":\"ReadAction\",\"target\":[\"https:\\\/\\\/warsztaty-emc.pwr.edu.pl\\\/2024\\\/miejsce-organizacji-warsztatow\\\/\"]}]},{\"@type\":\"BreadcrumbList\",\"@id\":\"https:\\\/\\\/warsztaty-emc.pwr.edu.pl\\\/2024\\\/miejsce-organizacji-warsztatow\\\/#breadcrumb\",\"itemListElement\":[{\"@type\":\"ListItem\",\"position\":1,\"name\":\"Strona g\u0142\u00f3wna\",\"item\":\"https:\\\/\\\/warsztaty-emc.pwr.edu.pl\\\/2024\\\/\"},{\"@type\":\"ListItem\",\"position\":2,\"name\":\"Miejsce organizacji Warsztat\u00f3w\"}]},{\"@type\":\"WebSite\",\"@id\":\"https:\\\/\\\/warsztaty-emc.pwr.edu.pl\\\/2024\\\/#website\",\"url\":\"https:\\\/\\\/warsztaty-emc.pwr.edu.pl\\\/2024\\\/\",\"name\":\"Warsztaty EMC 2024\",\"description\":\"XIV Krajowe Warsztaty EMC\",\"publisher\":{\"@id\":\"https:\\\/\\\/warsztaty-emc.pwr.edu.pl\\\/2024\\\/#organization\"},\"potentialAction\":[{\"@type\":\"SearchAction\",\"target\":{\"@type\":\"EntryPoint\",\"urlTemplate\":\"https:\\\/\\\/warsztaty-emc.pwr.edu.pl\\\/2024\\\/?s={search_term_string}\"},\"query-input\":{\"@type\":\"PropertyValueSpecification\",\"valueRequired\":true,\"valueName\":\"search_term_string\"}}],\"inLanguage\":\"pl-PL\"},{\"@type\":\"Organization\",\"@id\":\"https:\\\/\\\/warsztaty-emc.pwr.edu.pl\\\/2024\\\/#organization\",\"name\":\"Warsztaty EMC 2024\",\"url\":\"https:\\\/\\\/warsztaty-emc.pwr.edu.pl\\\/2024\\\/\",\"logo\":{\"@type\":\"ImageObject\",\"inLanguage\":\"pl-PL\",\"@id\":\"https:\\\/\\\/warsztaty-emc.pwr.edu.pl\\\/2024\\\/#\\\/schema\\\/logo\\\/image\\\/\",\"url\":\"https:\\\/\\\/warsztaty-emc.pwr.edu.pl\\\/2024\\\/wp-content\\\/uploads\\\/sites\\\/7\\\/2026\\\/02\\\/logo-odnowione_wieksze.png\",\"contentUrl\":\"https:\\\/\\\/warsztaty-emc.pwr.edu.pl\\\/2024\\\/wp-content\\\/uploads\\\/sites\\\/7\\\/2026\\\/02\\\/logo-odnowione_wieksze.png\",\"width\":460,\"height\":50,\"caption\":\"Warsztaty EMC 2024\"},\"image\":{\"@id\":\"https:\\\/\\\/warsztaty-emc.pwr.edu.pl\\\/2024\\\/#\\\/schema\\\/logo\\\/image\\\/\"}}]}<\/script>\n<!-- \/ Yoast SEO plugin. -->","yoast_head_json":{"title":"Miejsce organizacji Warsztat\u00f3w - Warsztaty EMC 2024","robots":{"index":"index","follow":"follow","max-snippet":"max-snippet:-1","max-image-preview":"max-image-preview:large","max-video-preview":"max-video-preview:-1"},"canonical":"https:\/\/warsztaty-emc.pwr.edu.pl\/2024\/miejsce-organizacji-warsztatow\/","og_locale":"pl_PL","og_type":"article","og_title":"Miejsce organizacji Warsztat\u00f3w - Warsztaty EMC 2024","og_description":"Budynek C-13 (pinezka na Google Maps), Wyb. Wyspia\u0144skiego 23-25, 50-370 Wroc\u0142aw Informacje o kursowaniu komunikacji miejskiej Interaktywna mapa i wirtualny...","og_url":"https:\/\/warsztaty-emc.pwr.edu.pl\/2024\/miejsce-organizacji-warsztatow\/","og_site_name":"Warsztaty EMC 2024","article_modified_time":"2026-02-18T10:51:02+00:00","twitter_card":"summary_large_image","twitter_misc":{"Szacowany czas czytania":"1 minuta"},"schema":{"@context":"https:\/\/schema.org","@graph":[{"@type":"WebPage","@id":"https:\/\/warsztaty-emc.pwr.edu.pl\/2024\/miejsce-organizacji-warsztatow\/","url":"https:\/\/warsztaty-emc.pwr.edu.pl\/2024\/miejsce-organizacji-warsztatow\/","name":"Miejsce organizacji Warsztat\u00f3w - Warsztaty EMC 2024","isPartOf":{"@id":"https:\/\/warsztaty-emc.pwr.edu.pl\/2024\/#website"},"datePublished":"2022-03-30T12:22:18+00:00","dateModified":"2026-02-18T10:51:02+00:00","breadcrumb":{"@id":"https:\/\/warsztaty-emc.pwr.edu.pl\/2024\/miejsce-organizacji-warsztatow\/#breadcrumb"},"inLanguage":"pl-PL","potentialAction":[{"@type":"ReadAction","target":["https:\/\/warsztaty-emc.pwr.edu.pl\/2024\/miejsce-organizacji-warsztatow\/"]}]},{"@type":"BreadcrumbList","@id":"https:\/\/warsztaty-emc.pwr.edu.pl\/2024\/miejsce-organizacji-warsztatow\/#breadcrumb","itemListElement":[{"@type":"ListItem","position":1,"name":"Strona g\u0142\u00f3wna","item":"https:\/\/warsztaty-emc.pwr.edu.pl\/2024\/"},{"@type":"ListItem","position":2,"name":"Miejsce organizacji Warsztat\u00f3w"}]},{"@type":"WebSite","@id":"https:\/\/warsztaty-emc.pwr.edu.pl\/2024\/#website","url":"https:\/\/warsztaty-emc.pwr.edu.pl\/2024\/","name":"Warsztaty EMC 2024","description":"XIV Krajowe Warsztaty EMC","publisher":{"@id":"https:\/\/warsztaty-emc.pwr.edu.pl\/2024\/#organization"},"potentialAction":[{"@type":"SearchAction","target":{"@type":"EntryPoint","urlTemplate":"https:\/\/warsztaty-emc.pwr.edu.pl\/2024\/?s={search_term_string}"},"query-input":{"@type":"PropertyValueSpecification","valueRequired":true,"valueName":"search_term_string"}}],"inLanguage":"pl-PL"},{"@type":"Organization","@id":"https:\/\/warsztaty-emc.pwr.edu.pl\/2024\/#organization","name":"Warsztaty EMC 2024","url":"https:\/\/warsztaty-emc.pwr.edu.pl\/2024\/","logo":{"@type":"ImageObject","inLanguage":"pl-PL","@id":"https:\/\/warsztaty-emc.pwr.edu.pl\/2024\/#\/schema\/logo\/image\/","url":"https:\/\/warsztaty-emc.pwr.edu.pl\/2024\/wp-content\/uploads\/sites\/7\/2026\/02\/logo-odnowione_wieksze.png","contentUrl":"https:\/\/warsztaty-emc.pwr.edu.pl\/2024\/wp-content\/uploads\/sites\/7\/2026\/02\/logo-odnowione_wieksze.png","width":460,"height":50,"caption":"Warsztaty EMC 2024"},"image":{"@id":"https:\/\/warsztaty-emc.pwr.edu.pl\/2024\/#\/schema\/logo\/image\/"}}]}},"_links":{"self":[{"href":"https:\/\/warsztaty-emc.pwr.edu.pl\/2024\/wp-json\/wp\/v2\/pages\/439","targetHints":{"allow":["GET"]}}],"collection":[{"href":"https:\/\/warsztaty-emc.pwr.edu.pl\/2024\/wp-json\/wp\/v2\/pages"}],"about":[{"href":"https:\/\/warsztaty-emc.pwr.edu.pl\/2024\/wp-json\/wp\/v2\/types\/page"}],"author":[{"embeddable":true,"href":"https:\/\/warsztaty-emc.pwr.edu.pl\/2024\/wp-json\/wp\/v2\/users\/1"}],"replies":[{"embeddable":true,"href":"https:\/\/warsztaty-emc.pwr.edu.pl\/2024\/wp-json\/wp\/v2\/comments?post=439"}],"version-history":[{"count":9,"href":"https:\/\/warsztaty-emc.pwr.edu.pl\/2024\/wp-json\/wp\/v2\/pages\/439\/revisions"}],"predecessor-version":[{"id":1933,"href":"https:\/\/warsztaty-emc.pwr.edu.pl\/2024\/wp-json\/wp\/v2\/pages\/439\/revisions\/1933"}],"wp:attachment":[{"href":"https:\/\/warsztaty-emc.pwr.edu.pl\/2024\/wp-json\/wp\/v2\/media?parent=439"}],"curies":[{"name":"wp","href":"https:\/\/api.w.org\/{rel}","templated":true}]}}