{"id":659,"date":"2022-04-08T15:06:15","date_gmt":"2022-04-08T13:06:15","guid":{"rendered":"https:\/\/warsztaty-emc.pwr.edu.pl\/?page_id=659"},"modified":"2026-02-09T12:07:29","modified_gmt":"2026-02-09T11:07:29","slug":"dla-autorow2","status":"publish","type":"page","link":"https:\/\/warsztaty-emc.pwr.edu.pl\/2024\/dla-autorow2\/","title":{"rendered":"Informacje dla autor\u00f3w"},"content":{"rendered":"\n<h2 class=\"wp-block-heading\">Uwaga! Jeste\u015b na archiwalnej stronie Warsztaty EMC, zawieraj\u0105cej informacje dotycz\u0105ce poprzednich edycji.<\/h2>\n\n\n\n<p>Organizatorzy XIV Krajowych Warsztat\u00f3w Kompatybilno\u015bci Elektromagnetycznej zapraszaj\u0105 do nadsy\u0142ania zg\u0142osze\u0144 interesuj\u0105cych, oryginalnych i przegl\u0105dowych prezentacji oraz referat\u00f3w naukowych zwi\u0105zanych z&nbsp;<a data-type=\"post\" data-id=\"108\" href=\"https:\/\/warsztaty-emc.pwr.edu.pl\/2022\/03\/16\/xiii-krajowe-warsztaty-kompatybilnosci-elektromagnetycznej\/\"><strong>t<\/strong><\/a><a href=\"http:\/\/xiv-krajowe-warsztaty-kompatybilnosci-elektromagnetycznej\"><strong>ematyk\u0105 konferencji<\/strong><\/a>, kt\u00f3re po kwalifikacji przez Rad\u0119 Programow\u0105 b\u0119d\u0105 zaprezentowane podczas konferencji. Przygotowane przez autor\u00f3w prezentacje zostan\u0105 wydane w formie materia\u0142\u00f3w konferencyjnych. Referaty nades\u0142ane w formie pe\u0142nych artyku\u0142\u00f3w naukowych i przegl\u0105dowych zostan\u0105, po pozytywnej recenzji, wydane r\u00f3wnie\u017c w Przegl\u0105dzie Elektrotechnicznym.<\/p>\n\n\n\n<h2 class=\"wp-block-heading\" id=\"0-wa%C5%BCne-daty\" style=\"margin-top:0;margin-bottom:0\">Wa\u017cne daty<\/h2>\n\n\n\n<ul class=\"wp-block-list\">\n<li>15.05.2024 r. \u2013 termin nadsy\u0142ania propozycji temat\u00f3w prezentacji i streszcze\u0144 referat\u00f3w (1 strona A4) lub pe\u0142nych referat\u00f3w bez konieczno\u015bci formalnego formatowania tekstu \u2013 w przypadku referat\u00f3w, kt\u00f3re podlegaj\u0105 recenzji (referaty do publikacji w czasopi\u015bmie naukowym &#8211; Przegl\u0105d Elektrotechniczny<\/li>\n\n\n\n<li>27.05.2024 r. \u2013 decyzja Rady Programowej o przyj\u0119ciu propozycji referatu lub prezentacji oraz zamieszczenie jej w programie Warsztat\u00f3w,<\/li>\n\n\n\n<li>10.06.2024 r. \u2013 termin nadsy\u0142ania pe\u0142nych wersji prezentacji, gotowych do wydruku jako materia\u0142 konferencyjny (prezentacja w formacie MS Power Point \u2013 .ppt, .pptx lub prezentacja w formacie PDF)<\/li>\n\n\n\n<li>30.06.2024 r. \u2013 termin nadsy\u0142ania pe\u0142nych wersji tekst\u00f3w referat\u00f3w (zgodnie z wymaganym formatowaniem).<\/li>\n<\/ul>\n\n\n\n<h2 class=\"wp-block-heading\" id=\"1-pliki-z-wytycznymi-dla-autor%C3%B3w\" style=\"margin-top:0;margin-bottom:0\">Pliki z wytycznymi dla autor\u00f3w referat\u00f3w<\/h2>\n\n\n\n<div class=\"wp-block-columns is-layout-flex wp-container-core-columns-is-layout-9d6595d7 wp-block-columns-is-layout-flex\">\n<div class=\"wp-block-column is-vertically-aligned-center is-layout-flow wp-block-column-is-layout-flow\" style=\"flex-basis:55%\">\n<div class=\"wp-block-file giga has-link-color wp-elements-3e4e9c4f41ce86d44b0f6f786ffa00c5\"><a id=\"wp-block-file--media-42cfc9ad-30cf-4c5c-937d-2466276bfbef\" href=\"https:\/\/warsztaty-emc.pwr.edu.pl\/2024\/wp-content\/uploads\/sites\/7\/2024\/06\/wzor.doc\">Jak przygotowa\u0107 tekst do Przegl\u0105du Elektrotechnicznego<\/a><\/div>\n<\/div>\n\n\n\n<div class=\"wp-block-column is-layout-flow wp-block-column-is-layout-flow\" style=\"flex-basis:20%\"><div style=\"gap: 20px;\" class=\"align-button-left ub-buttons orientation-button-row ub-flex-wrap wp-block-ub-button\" id=\"ub-button-ccaee002-edcb-43f1-bc7c-881188b6c3c1\"><div class=\"ub-button-container\">\n\t\t\t<a href=\"https:\/\/warsztaty-emc.pwr.edu.pl\/2024\/wp-content\/uploads\/sites\/7\/2024\/06\/wzor.doc\" target=\"_blank\" rel=\"noopener noreferrer\" class=\"ub-button-block-main   ub-button-flex\" role=\"button\" style=\"--ub-button-background-color: #313131; --ub-button-color: #ffffff; --ub-button-border: none; --ub-button-hover-background-color: #313131; --ub-button-hover-color: #ffffff; --ub-button-hover-border: none; font-size: 13px; padding-top: 10px; padding-right: 10px; padding-bottom: 10px; padding-left: 10px; border-top-left-radius: 10px;; border-top-right-radius: 10px;; border-bottom-left-radius: 10px;; border-bottom-right-radius: 10px;; \">\n\t\t\t\t<div class=\"ub-button-content-holder\" style=\"flex-direction: row\">\n\t\t\t\t\t<span class=\"ub-button-icon-holder\">\n\t\t\t\t<svg xmlns=\"http:\/\/www.w3.org\/2000\/svg\" height=\"25\" width=\"25\" viewbox=\"0 0 512 512\">\n\t\t\t\t\t<path fill=\"currentColor\" d=\"M288 32c0-17.7-14.3-32-32-32s-32 14.3-32 32V274.7l-73.4-73.4c-12.5-12.5-32.8-12.5-45.3 0s-12.5 32.8 0 45.3l128 128c12.5 12.5 32.8 12.5 45.3 0l128-128c12.5-12.5 12.5-32.8 0-45.3s-32.8-12.5-45.3 0L288 274.7V32zM64 352c-35.3 0-64 28.7-64 64v32c0 35.3 28.7 64 64 64H448c35.3 0 64-28.7 64-64V416c0-35.3-28.7-64-64-64H346.5l-45.3 45.3c-25 25-65.5 25-90.5 0L165.5 352H64zm368 56a24 24 0 1 1 0 48 24 24 0 1 1 0-48z\">\n\t\t\t\t<\/path><\/svg>\n\t\t\t<\/span><span class=\"ub-button-block-btn\">Pobierz<\/span>\n\t\t\t\t<\/div>\n\t\t\t<\/a>\n\t\t<\/div><\/div><\/div>\n\n\n\n<div class=\"wp-block-column is-layout-flow wp-block-column-is-layout-flow\" style=\"flex-basis:30%\"><\/div>\n<\/div>\n\n\n\n<div class=\"wp-block-columns is-layout-flex wp-container-core-columns-is-layout-9d6595d7 wp-block-columns-is-layout-flex\">\n<div class=\"wp-block-column is-vertically-aligned-center is-layout-flow wp-block-column-is-layout-flow\" style=\"flex-basis:55%\">\n<div class=\"wp-block-file giga has-link-color wp-elements-13f31f8e8d99b30e673fde317db3412b\"><a id=\"wp-block-file--media-e9c3638a-54bb-44ef-ac88-e49f1195f69d\" href=\"https:\/\/warsztaty-emc.pwr.edu.pl\/2024\/wp-content\/uploads\/sites\/7\/2024\/06\/sample.doc\" target=\"_blank\" rel=\"noreferrer noopener\">Preparation of papers for Przegl\u0105d Elektrotechniczny<\/a><\/div>\n<\/div>\n\n\n\n<div class=\"wp-block-column is-layout-flow wp-block-column-is-layout-flow\" style=\"flex-basis:20%\"><div style=\"gap: 20px;\" class=\"align-button-left ub-buttons orientation-button-row ub-flex-wrap wp-block-ub-button\" id=\"ub-button-c5229d62-6d0e-4a47-aa44-ac9ebe93fe03\"><div class=\"ub-button-container\">\n\t\t\t<a href=\"https:\/\/warsztaty-emc.pwr.edu.pl\/2024\/wp-content\/uploads\/sites\/7\/2024\/06\/sample.doc\" target=\"_blank\" rel=\"noopener noreferrer\" class=\"ub-button-block-main   ub-button-flex\" role=\"button\" style=\"--ub-button-background-color: #313131; --ub-button-color: #ffffff; --ub-button-border: none; --ub-button-hover-background-color: #313131; --ub-button-hover-color: #ffffff; --ub-button-hover-border: none; font-size: 13px; padding-top: 10px; padding-right: 10px; padding-bottom: 10px; padding-left: 10px; border-top-left-radius: 10px;; border-top-right-radius: 10px;; border-bottom-left-radius: 10px;; border-bottom-right-radius: 10px;; \">\n\t\t\t\t<div class=\"ub-button-content-holder\" style=\"flex-direction: row\">\n\t\t\t\t\t<span class=\"ub-button-icon-holder\">\n\t\t\t\t<svg xmlns=\"http:\/\/www.w3.org\/2000\/svg\" height=\"25\" width=\"25\" viewbox=\"0 0 512 512\">\n\t\t\t\t\t<path fill=\"currentColor\" d=\"M288 32c0-17.7-14.3-32-32-32s-32 14.3-32 32V274.7l-73.4-73.4c-12.5-12.5-32.8-12.5-45.3 0s-12.5 32.8 0 45.3l128 128c12.5 12.5 32.8 12.5 45.3 0l128-128c12.5-12.5 12.5-32.8 0-45.3s-32.8-12.5-45.3 0L288 274.7V32zM64 352c-35.3 0-64 28.7-64 64v32c0 35.3 28.7 64 64 64H448c35.3 0 64-28.7 64-64V416c0-35.3-28.7-64-64-64H346.5l-45.3 45.3c-25 25-65.5 25-90.5 0L165.5 352H64zm368 56a24 24 0 1 1 0 48 24 24 0 1 1 0-48z\">\n\t\t\t\t<\/path><\/svg>\n\t\t\t<\/span><span class=\"ub-button-block-btn\">Pobierz<\/span>\n\t\t\t\t<\/div>\n\t\t\t<\/a>\n\t\t<\/div><\/div><\/div>\n\n\n\n<div class=\"wp-block-column is-layout-flow wp-block-column-is-layout-flow\" style=\"flex-basis:30%\"><\/div>\n<\/div>\n\n\n\n<div class=\"wp-block-columns is-layout-flex wp-container-core-columns-is-layout-9d6595d7 wp-block-columns-is-layout-flex\">\n<div class=\"wp-block-column is-vertically-aligned-center is-layout-flow wp-block-column-is-layout-flow\" style=\"flex-basis:55%\">\n<p class=\"giga has-dark-color has-text-color has-link-color wp-elements-56777380ea8ae8492bb3a186060f4e6b\" style=\"font-size:14px\"><a href=\"https:\/\/github.com\/sawickib\/pe.sty\/tree\/master\" target=\"_blank\" rel=\"noreferrer noopener\">Jak przygotowa\u0107 tekst do Przegl\u0105du Elektrotechnicznego &#8211; latex<\/a><\/p>\n<\/div>\n\n\n\n<div class=\"wp-block-column is-layout-flow wp-block-column-is-layout-flow\" style=\"flex-basis:20%\"><div style=\"gap: 20px;\" class=\"align-button-left ub-buttons orientation-button-row ub-flex-wrap wp-block-ub-button\" id=\"ub-button-fe918809-58e3-422f-b85d-fcdd56912b82\"><div class=\"ub-button-container\">\n\t\t\t<a href=\"https:\/\/github.com\/sawickib\/pe.sty\/archive\/refs\/heads\/master.zip\" target=\"_blank\" rel=\"noopener noreferrer\" class=\"ub-button-block-main   ub-button-flex\" role=\"button\" style=\"--ub-button-background-color: #313131; --ub-button-color: #ffffff; --ub-button-border: none; --ub-button-hover-background-color: #313131; --ub-button-hover-color: #ffffff; --ub-button-hover-border: none; font-size: 13px; padding-top: 10px; padding-right: 10px; padding-bottom: 10px; padding-left: 10px; border-top-left-radius: 10px;; border-top-right-radius: 10px;; border-bottom-left-radius: 10px;; border-bottom-right-radius: 10px;; \">\n\t\t\t\t<div class=\"ub-button-content-holder\" style=\"flex-direction: row\">\n\t\t\t\t\t<span class=\"ub-button-icon-holder\">\n\t\t\t\t<svg xmlns=\"http:\/\/www.w3.org\/2000\/svg\" height=\"25\" width=\"25\" viewbox=\"0 0 512 512\">\n\t\t\t\t\t<path fill=\"currentColor\" d=\"M288 32c0-17.7-14.3-32-32-32s-32 14.3-32 32V274.7l-73.4-73.4c-12.5-12.5-32.8-12.5-45.3 0s-12.5 32.8 0 45.3l128 128c12.5 12.5 32.8 12.5 45.3 0l128-128c12.5-12.5 12.5-32.8 0-45.3s-32.8-12.5-45.3 0L288 274.7V32zM64 352c-35.3 0-64 28.7-64 64v32c0 35.3 28.7 64 64 64H448c35.3 0 64-28.7 64-64V416c0-35.3-28.7-64-64-64H346.5l-45.3 45.3c-25 25-65.5 25-90.5 0L165.5 352H64zm368 56a24 24 0 1 1 0 48 24 24 0 1 1 0-48z\">\n\t\t\t\t<\/path><\/svg>\n\t\t\t<\/span><span class=\"ub-button-block-btn\">Pobierz<\/span>\n\t\t\t\t<\/div>\n\t\t\t<\/a>\n\t\t<\/div><\/div><\/div>\n\n\n\n<div class=\"wp-block-column is-layout-flow wp-block-column-is-layout-flow\" style=\"flex-basis:30%\"><\/div>\n<\/div>\n\n\n\n<h2 class=\"wp-block-heading\" id=\"2-szczeg%C3%B3%C5%82y-techniczne-prezentacji\" style=\"margin-top:0;margin-bottom:0\">Szczeg\u00f3\u0142y techniczne prezentacji<\/h2>\n\n\n\n<p>Nades\u0142ane prezentacje zostan\u0105 zainstalowane na komputerach, kt\u00f3re b\u0119d\u0105 wykorzystywane do prezentacji w czasie Warsztat\u00f3w EMC, a nast\u0119pnie przetestowane przez organizator\u00f3w. Wcze\u015bniejsze nades\u0142anie prezentacji ograniczy wyst\u0119powanie typowych problem\u00f3w technicznych. Ewentualne poprawki b\u0119d\u0105 bezpo\u015brednio konsultowane z autorem prezentacji, dlatego przy wysy\u0142ce prosimy o wskazanie dok\u0142adnego kontaktu do prelegenta. W przypadku nie dostarczenia prezentacji, w okre\u015blonym terminie organizatorzy nie ponosz\u0105 odpowiedzialno\u015bci za powsta\u0142e z tej przyczyny problemy techniczne.<\/p>\n\n\n\n<p>Autor\u00f3w referat\u00f3w prosimy o kontakt z przewodnicz\u0105cym sesji i obs\u0142ug\u0105 techniczn\u0105 minimum 15 minut przed rozpocz\u0119ciem sesji w celu om\u00f3wienia jej szczeg\u00f3\u0142\u00f3w.<\/p>\n","protected":false},"excerpt":{"rendered":"<p>Uwaga! Jeste\u015b na archiwalnej stronie Warsztaty EMC, zawieraj\u0105cej informacje dotycz\u0105ce poprzednich edycji. Organizatorzy XIV Krajowych Warsztat\u00f3w Kompatybilno\u015bci Elektromagnetycznej zapraszaj\u0105 do<span class=\"more-dots\">&#8230;<\/span><\/p>\n","protected":false},"author":1,"featured_media":0,"parent":0,"menu_order":0,"comment_status":"closed","ping_status":"closed","template":"","meta":{"footnotes":""},"class_list":["post-659","page","type-page","status-publish","hentry","no-post-thumbnail"],"featured_image_src":null,"yoast_head":"<!-- This site is optimized with the Yoast SEO plugin v27.3 - https:\/\/yoast.com\/product\/yoast-seo-wordpress\/ -->\n<title>Informacje dla autor\u00f3w - Warsztaty EMC 2024<\/title>\n<meta name=\"robots\" content=\"index, follow, max-snippet:-1, max-image-preview:large, max-video-preview:-1\" \/>\n<link rel=\"canonical\" href=\"https:\/\/warsztaty-emc.pwr.edu.pl\/2024\/dla-autorow2\/\" \/>\n<meta property=\"og:locale\" content=\"pl_PL\" \/>\n<meta property=\"og:type\" content=\"article\" \/>\n<meta property=\"og:title\" content=\"Informacje dla autor\u00f3w - Warsztaty EMC 2024\" \/>\n<meta property=\"og:description\" content=\"Uwaga! Jeste\u015b na archiwalnej stronie Warsztaty EMC, zawieraj\u0105cej informacje dotycz\u0105ce poprzednich edycji. Organizatorzy XIV Krajowych Warsztat\u00f3w Kompatybilno\u015bci Elektromagnetycznej zapraszaj\u0105 do...\" \/>\n<meta property=\"og:url\" content=\"https:\/\/warsztaty-emc.pwr.edu.pl\/2024\/dla-autorow2\/\" \/>\n<meta property=\"og:site_name\" content=\"Warsztaty EMC 2024\" \/>\n<meta property=\"article:modified_time\" content=\"2026-02-09T11:07:29+00:00\" \/>\n<meta name=\"twitter:card\" content=\"summary_large_image\" \/>\n<meta name=\"twitter:label1\" content=\"Szacowany czas czytania\" \/>\n\t<meta name=\"twitter:data1\" content=\"2 minuty\" \/>\n<script type=\"application\/ld+json\" class=\"yoast-schema-graph\">{\"@context\":\"https:\\\/\\\/schema.org\",\"@graph\":[{\"@type\":\"WebPage\",\"@id\":\"https:\\\/\\\/warsztaty-emc.pwr.edu.pl\\\/2024\\\/dla-autorow2\\\/\",\"url\":\"https:\\\/\\\/warsztaty-emc.pwr.edu.pl\\\/2024\\\/dla-autorow2\\\/\",\"name\":\"Informacje dla autor\u00f3w - Warsztaty EMC 2024\",\"isPartOf\":{\"@id\":\"https:\\\/\\\/warsztaty-emc.pwr.edu.pl\\\/2024\\\/#website\"},\"datePublished\":\"2022-04-08T13:06:15+00:00\",\"dateModified\":\"2026-02-09T11:07:29+00:00\",\"breadcrumb\":{\"@id\":\"https:\\\/\\\/warsztaty-emc.pwr.edu.pl\\\/2024\\\/dla-autorow2\\\/#breadcrumb\"},\"inLanguage\":\"pl-PL\",\"potentialAction\":[{\"@type\":\"ReadAction\",\"target\":[\"https:\\\/\\\/warsztaty-emc.pwr.edu.pl\\\/2024\\\/dla-autorow2\\\/\"]}]},{\"@type\":\"BreadcrumbList\",\"@id\":\"https:\\\/\\\/warsztaty-emc.pwr.edu.pl\\\/2024\\\/dla-autorow2\\\/#breadcrumb\",\"itemListElement\":[{\"@type\":\"ListItem\",\"position\":1,\"name\":\"Strona g\u0142\u00f3wna\",\"item\":\"https:\\\/\\\/warsztaty-emc.pwr.edu.pl\\\/2024\\\/\"},{\"@type\":\"ListItem\",\"position\":2,\"name\":\"Informacje dla autor\u00f3w\"}]},{\"@type\":\"WebSite\",\"@id\":\"https:\\\/\\\/warsztaty-emc.pwr.edu.pl\\\/2024\\\/#website\",\"url\":\"https:\\\/\\\/warsztaty-emc.pwr.edu.pl\\\/2024\\\/\",\"name\":\"Warsztaty EMC 2024\",\"description\":\"XIV Krajowe Warsztaty EMC\",\"publisher\":{\"@id\":\"https:\\\/\\\/warsztaty-emc.pwr.edu.pl\\\/2024\\\/#organization\"},\"potentialAction\":[{\"@type\":\"SearchAction\",\"target\":{\"@type\":\"EntryPoint\",\"urlTemplate\":\"https:\\\/\\\/warsztaty-emc.pwr.edu.pl\\\/2024\\\/?s={search_term_string}\"},\"query-input\":{\"@type\":\"PropertyValueSpecification\",\"valueRequired\":true,\"valueName\":\"search_term_string\"}}],\"inLanguage\":\"pl-PL\"},{\"@type\":\"Organization\",\"@id\":\"https:\\\/\\\/warsztaty-emc.pwr.edu.pl\\\/2024\\\/#organization\",\"name\":\"Warsztaty EMC 2024\",\"url\":\"https:\\\/\\\/warsztaty-emc.pwr.edu.pl\\\/2024\\\/\",\"logo\":{\"@type\":\"ImageObject\",\"inLanguage\":\"pl-PL\",\"@id\":\"https:\\\/\\\/warsztaty-emc.pwr.edu.pl\\\/2024\\\/#\\\/schema\\\/logo\\\/image\\\/\",\"url\":\"https:\\\/\\\/warsztaty-emc.pwr.edu.pl\\\/2024\\\/wp-content\\\/uploads\\\/sites\\\/7\\\/2026\\\/02\\\/logo-odnowione_wieksze.png\",\"contentUrl\":\"https:\\\/\\\/warsztaty-emc.pwr.edu.pl\\\/2024\\\/wp-content\\\/uploads\\\/sites\\\/7\\\/2026\\\/02\\\/logo-odnowione_wieksze.png\",\"width\":460,\"height\":50,\"caption\":\"Warsztaty EMC 2024\"},\"image\":{\"@id\":\"https:\\\/\\\/warsztaty-emc.pwr.edu.pl\\\/2024\\\/#\\\/schema\\\/logo\\\/image\\\/\"}}]}<\/script>\n<!-- \/ Yoast SEO plugin. -->","yoast_head_json":{"title":"Informacje dla autor\u00f3w - Warsztaty EMC 2024","robots":{"index":"index","follow":"follow","max-snippet":"max-snippet:-1","max-image-preview":"max-image-preview:large","max-video-preview":"max-video-preview:-1"},"canonical":"https:\/\/warsztaty-emc.pwr.edu.pl\/2024\/dla-autorow2\/","og_locale":"pl_PL","og_type":"article","og_title":"Informacje dla autor\u00f3w - Warsztaty EMC 2024","og_description":"Uwaga! Jeste\u015b na archiwalnej stronie Warsztaty EMC, zawieraj\u0105cej informacje dotycz\u0105ce poprzednich edycji. Organizatorzy XIV Krajowych Warsztat\u00f3w Kompatybilno\u015bci Elektromagnetycznej zapraszaj\u0105 do...","og_url":"https:\/\/warsztaty-emc.pwr.edu.pl\/2024\/dla-autorow2\/","og_site_name":"Warsztaty EMC 2024","article_modified_time":"2026-02-09T11:07:29+00:00","twitter_card":"summary_large_image","twitter_misc":{"Szacowany czas czytania":"2 minuty"},"schema":{"@context":"https:\/\/schema.org","@graph":[{"@type":"WebPage","@id":"https:\/\/warsztaty-emc.pwr.edu.pl\/2024\/dla-autorow2\/","url":"https:\/\/warsztaty-emc.pwr.edu.pl\/2024\/dla-autorow2\/","name":"Informacje dla autor\u00f3w - Warsztaty EMC 2024","isPartOf":{"@id":"https:\/\/warsztaty-emc.pwr.edu.pl\/2024\/#website"},"datePublished":"2022-04-08T13:06:15+00:00","dateModified":"2026-02-09T11:07:29+00:00","breadcrumb":{"@id":"https:\/\/warsztaty-emc.pwr.edu.pl\/2024\/dla-autorow2\/#breadcrumb"},"inLanguage":"pl-PL","potentialAction":[{"@type":"ReadAction","target":["https:\/\/warsztaty-emc.pwr.edu.pl\/2024\/dla-autorow2\/"]}]},{"@type":"BreadcrumbList","@id":"https:\/\/warsztaty-emc.pwr.edu.pl\/2024\/dla-autorow2\/#breadcrumb","itemListElement":[{"@type":"ListItem","position":1,"name":"Strona g\u0142\u00f3wna","item":"https:\/\/warsztaty-emc.pwr.edu.pl\/2024\/"},{"@type":"ListItem","position":2,"name":"Informacje dla autor\u00f3w"}]},{"@type":"WebSite","@id":"https:\/\/warsztaty-emc.pwr.edu.pl\/2024\/#website","url":"https:\/\/warsztaty-emc.pwr.edu.pl\/2024\/","name":"Warsztaty EMC 2024","description":"XIV Krajowe Warsztaty EMC","publisher":{"@id":"https:\/\/warsztaty-emc.pwr.edu.pl\/2024\/#organization"},"potentialAction":[{"@type":"SearchAction","target":{"@type":"EntryPoint","urlTemplate":"https:\/\/warsztaty-emc.pwr.edu.pl\/2024\/?s={search_term_string}"},"query-input":{"@type":"PropertyValueSpecification","valueRequired":true,"valueName":"search_term_string"}}],"inLanguage":"pl-PL"},{"@type":"Organization","@id":"https:\/\/warsztaty-emc.pwr.edu.pl\/2024\/#organization","name":"Warsztaty EMC 2024","url":"https:\/\/warsztaty-emc.pwr.edu.pl\/2024\/","logo":{"@type":"ImageObject","inLanguage":"pl-PL","@id":"https:\/\/warsztaty-emc.pwr.edu.pl\/2024\/#\/schema\/logo\/image\/","url":"https:\/\/warsztaty-emc.pwr.edu.pl\/2024\/wp-content\/uploads\/sites\/7\/2026\/02\/logo-odnowione_wieksze.png","contentUrl":"https:\/\/warsztaty-emc.pwr.edu.pl\/2024\/wp-content\/uploads\/sites\/7\/2026\/02\/logo-odnowione_wieksze.png","width":460,"height":50,"caption":"Warsztaty EMC 2024"},"image":{"@id":"https:\/\/warsztaty-emc.pwr.edu.pl\/2024\/#\/schema\/logo\/image\/"}}]}},"_links":{"self":[{"href":"https:\/\/warsztaty-emc.pwr.edu.pl\/2024\/wp-json\/wp\/v2\/pages\/659","targetHints":{"allow":["GET"]}}],"collection":[{"href":"https:\/\/warsztaty-emc.pwr.edu.pl\/2024\/wp-json\/wp\/v2\/pages"}],"about":[{"href":"https:\/\/warsztaty-emc.pwr.edu.pl\/2024\/wp-json\/wp\/v2\/types\/page"}],"author":[{"embeddable":true,"href":"https:\/\/warsztaty-emc.pwr.edu.pl\/2024\/wp-json\/wp\/v2\/users\/1"}],"replies":[{"embeddable":true,"href":"https:\/\/warsztaty-emc.pwr.edu.pl\/2024\/wp-json\/wp\/v2\/comments?post=659"}],"version-history":[{"count":2,"href":"https:\/\/warsztaty-emc.pwr.edu.pl\/2024\/wp-json\/wp\/v2\/pages\/659\/revisions"}],"predecessor-version":[{"id":1696,"href":"https:\/\/warsztaty-emc.pwr.edu.pl\/2024\/wp-json\/wp\/v2\/pages\/659\/revisions\/1696"}],"wp:attachment":[{"href":"https:\/\/warsztaty-emc.pwr.edu.pl\/2024\/wp-json\/wp\/v2\/media?parent=659"}],"curies":[{"name":"wp","href":"https:\/\/api.w.org\/{rel}","templated":true}]}}